{"id":547552,"date":"2024-11-20T23:12:01","date_gmt":"2024-11-20T22:12:01","guid":{"rendered":"https:\/\/tilefly.com\/producto\/downtown-coal-115x115\/"},"modified":"2024-11-21T00:57:11","modified_gmt":"2024-11-20T23:57:11","slug":"downtown-coal-115x115","status":"publish","type":"product","link":"https:\/\/tilefly.com\/fr\/produit\/downtown-coal-115x115\/","title":{"rendered":"DOWNTOWN COAL 11,5X11,5"},"content":{"rendered":"<h2><strong>CHARBON DE VILLE 11,5X11,5<\/strong><\/h2><p><strong>Downtown Coal 11.5&#215;11.5<\/strong> apporte profondeur et sophistication \u00e0 tout espace gr\u00e2ce \u00e0 son \u00e9l\u00e9gant ton gris fonc\u00e9. Ce gr\u00e8s c\u00e9rame, avec une finition mate antid\u00e9rapante CLASS 2, allie fonctionnalit\u00e9 et design dans un petit format polyvalent. <\/p><p>Faisant partie de la s\u00e9rie <a href=\"https:\/\/tilefly.com\/producto\/downtown\/\">Downtown<\/a>, cette pi\u00e8ce est parfaite pour les projets qui recherchent un \u00e9quilibre entre modernit\u00e9 et s\u00e9curit\u00e9, s&#8217;adaptant aussi bien aux int\u00e9rieurs qu&#8217;aux ext\u00e9rieurs.<\/p><p>Transformez vos pi\u00e8ces avec ce mod\u00e8le de haute qualit\u00e9 qui se distingue par sa r\u00e9sistance et son style contemporain.<\/p>","protected":false},"excerpt":{"rendered":"<p>CHARBON DE VILLE 11,5X11,5Downtown Coal 11.5&#215;11.5 apporte profondeur et sophistication \u00e0 tout espace gr\u00e2ce \u00e0 son \u00e9l\u00e9gant ton gris fonc\u00e9. Ce gr\u00e8s c\u00e9rame, avec une finition mate antid\u00e9rapante CLASS 2, allie fonctionnalit\u00e9 et design dans un petit format polyvalent. Faisant partie de la s\u00e9rie Downtown, cette pi\u00e8ce est parfaite pour les projets qui recherchent un [&hellip;]<\/p>\n","protected":false},"featured_media":546925,"comment_status":"open","ping_status":"closed","template":"","meta":[],"product_brand":[],"product_cat":[353,355,356,354],"product_tag":[],"class_list":{"0":"post-547552","1":"product","2":"type-product","3":"status-publish","4":"has-post-thumbnail","6":"product_cat-carrelage","7":"product_cat-cuisines","8":"product_cat-faiences","9":"product_cat-carrelage-salle-de-bain","11":"first","12":"instock","13":"shipping-taxable","14":"purchasable","15":"product-type-simple"},"_links":{"self":[{"href":"https:\/\/tilefly.com\/fr\/wp-json\/wp\/v2\/product\/547552","targetHints":{"allow":["GET"]}}],"collection":[{"href":"https:\/\/tilefly.com\/fr\/wp-json\/wp\/v2\/product"}],"about":[{"href":"https:\/\/tilefly.com\/fr\/wp-json\/wp\/v2\/types\/product"}],"replies":[{"embeddable":true,"href":"https:\/\/tilefly.com\/fr\/wp-json\/wp\/v2\/comments?post=547552"}],"wp:featuredmedia":[{"embeddable":true,"href":"https:\/\/tilefly.com\/fr\/wp-json\/wp\/v2\/media\/546925"}],"wp:attachment":[{"href":"https:\/\/tilefly.com\/fr\/wp-json\/wp\/v2\/media?parent=547552"}],"wp:term":[{"taxonomy":"product_brand","embeddable":true,"href":"https:\/\/tilefly.com\/fr\/wp-json\/wp\/v2\/product_brand?post=547552"},{"taxonomy":"product_cat","embeddable":true,"href":"https:\/\/tilefly.com\/fr\/wp-json\/wp\/v2\/product_cat?post=547552"},{"taxonomy":"product_tag","embeddable":true,"href":"https:\/\/tilefly.com\/fr\/wp-json\/wp\/v2\/product_tag?post=547552"}],"curies":[{"name":"wp","href":"https:\/\/api.w.org\/{rel}","templated":true}]}}