{"id":547549,"date":"2024-11-20T23:12:33","date_gmt":"2024-11-20T22:12:33","guid":{"rendered":"https:\/\/tilefly.com\/producto\/downtown-pearl-115x115\/"},"modified":"2024-11-21T00:57:05","modified_gmt":"2024-11-20T23:57:05","slug":"downtown-pearl-115x115","status":"publish","type":"product","link":"https:\/\/tilefly.com\/fr\/produit\/downtown-pearl-115x115\/","title":{"rendered":"DOWNTOWN PEARL 11,5X11,5"},"content":{"rendered":"<h2><strong>DOWNTOWN PEARL 11,5X11,5<\/strong><\/h2><p><strong>Downtown Pearl 11,5&#215;11,5<\/strong> allie la luminosit\u00e9 du ton perl\u00e9 \u00e0 l&#8217;esth\u00e9tique moderne du ciment. Ce gr\u00e8s c\u00e9rame, avec une finition mate antid\u00e9rapante CLASS 2, est id\u00e9al pour cr\u00e9er des environnements \u00e9l\u00e9gants et fonctionnels. <\/p><p>Faisant partie de la collection <a href=\"https:\/\/tilefly.com\/producto\/downtown\/\">Downtown<\/a>, cette pi\u00e8ce offre une polyvalence dans un format compact qui met en valeur n&#8217;importe quel espace.<\/p><p>Parfait pour les projets qui requi\u00e8rent design et durabilit\u00e9, ce mod\u00e8le garantit un style intemporel dans chaque d\u00e9tail.<\/p>","protected":false},"excerpt":{"rendered":"<p>DOWNTOWN PEARL 11,5X11,5Downtown Pearl 11,5&#215;11,5 allie la luminosit\u00e9 du ton perl\u00e9 \u00e0 l&#8217;esth\u00e9tique moderne du ciment. Ce gr\u00e8s c\u00e9rame, avec une finition mate antid\u00e9rapante CLASS 2, est id\u00e9al pour cr\u00e9er des environnements \u00e9l\u00e9gants et fonctionnels. Faisant partie de la collection Downtown, cette pi\u00e8ce offre une polyvalence dans un format compact qui met en valeur n&#8217;importe [&hellip;]<\/p>\n","protected":false},"featured_media":546951,"comment_status":"open","ping_status":"closed","template":"","meta":[],"product_brand":[],"product_cat":[353,355,356,354],"product_tag":[],"class_list":{"0":"post-547549","1":"product","2":"type-product","3":"status-publish","4":"has-post-thumbnail","6":"product_cat-carrelage","7":"product_cat-cuisines","8":"product_cat-faiences","9":"product_cat-carrelage-salle-de-bain","11":"first","12":"instock","13":"shipping-taxable","14":"purchasable","15":"product-type-simple"},"_links":{"self":[{"href":"https:\/\/tilefly.com\/fr\/wp-json\/wp\/v2\/product\/547549","targetHints":{"allow":["GET"]}}],"collection":[{"href":"https:\/\/tilefly.com\/fr\/wp-json\/wp\/v2\/product"}],"about":[{"href":"https:\/\/tilefly.com\/fr\/wp-json\/wp\/v2\/types\/product"}],"replies":[{"embeddable":true,"href":"https:\/\/tilefly.com\/fr\/wp-json\/wp\/v2\/comments?post=547549"}],"wp:featuredmedia":[{"embeddable":true,"href":"https:\/\/tilefly.com\/fr\/wp-json\/wp\/v2\/media\/546951"}],"wp:attachment":[{"href":"https:\/\/tilefly.com\/fr\/wp-json\/wp\/v2\/media?parent=547549"}],"wp:term":[{"taxonomy":"product_brand","embeddable":true,"href":"https:\/\/tilefly.com\/fr\/wp-json\/wp\/v2\/product_brand?post=547549"},{"taxonomy":"product_cat","embeddable":true,"href":"https:\/\/tilefly.com\/fr\/wp-json\/wp\/v2\/product_cat?post=547549"},{"taxonomy":"product_tag","embeddable":true,"href":"https:\/\/tilefly.com\/fr\/wp-json\/wp\/v2\/product_tag?post=547549"}],"curies":[{"name":"wp","href":"https:\/\/api.w.org\/{rel}","templated":true}]}}