{"id":547547,"date":"2024-11-20T23:11:44","date_gmt":"2024-11-20T22:11:44","guid":{"rendered":"https:\/\/tilefly.com\/producto\/downtown-sand-115x115\/"},"modified":"2024-11-21T00:56:59","modified_gmt":"2024-11-20T23:56:59","slug":"downtown-sand-115x115","status":"publish","type":"product","link":"https:\/\/tilefly.com\/fr\/produit\/downtown-sand-115x115\/","title":{"rendered":"DOWNTOWN SAND 11,5X11,5"},"content":{"rendered":"<h2><strong>SABLE DU CENTRE-VILLE 11,5X11,5<\/strong><\/h2><p><strong>Downtown Sand 11.5&#215;11.5<\/strong> offre un ton beige chaud dans un petit format qui maximise la polyvalence. Ce gr\u00e8s c\u00e9rame pr\u00e9sente une finition mate antid\u00e9rapante CLASS 2, id\u00e9ale pour les espaces fonctionnels et \u00e9l\u00e9gants. <\/p><p>Elle appartient \u00e0 la collection <a href=\"https:\/\/tilefly.com\/producto\/downtown\/\">Downtown<\/a>, r\u00e9put\u00e9e pour sa capacit\u00e9 \u00e0 transformer les environnements gr\u00e2ce \u00e0 la modernit\u00e9 du ciment et \u00e0 un design raffin\u00e9.<\/p><p>Parfait pour les projets r\u00e9sidentiels et commerciaux, ce mod\u00e8le garantit la qualit\u00e9 et le style dans tous les coins.<\/p>","protected":false},"excerpt":{"rendered":"<p>SABLE DU CENTRE-VILLE 11,5X11,5Downtown Sand 11.5&#215;11.5 offre un ton beige chaud dans un petit format qui maximise la polyvalence. Ce gr\u00e8s c\u00e9rame pr\u00e9sente une finition mate antid\u00e9rapante CLASS 2, id\u00e9ale pour les espaces fonctionnels et \u00e9l\u00e9gants. Elle appartient \u00e0 la collection Downtown, r\u00e9put\u00e9e pour sa capacit\u00e9 \u00e0 transformer les environnements gr\u00e2ce \u00e0 la modernit\u00e9 du [&hellip;]<\/p>\n","protected":false},"featured_media":546899,"comment_status":"open","ping_status":"closed","template":"","meta":[],"product_brand":[],"product_cat":[353,355,356,354],"product_tag":[],"class_list":{"0":"post-547547","1":"product","2":"type-product","3":"status-publish","4":"has-post-thumbnail","6":"product_cat-carrelage","7":"product_cat-cuisines","8":"product_cat-faiences","9":"product_cat-carrelage-salle-de-bain","11":"first","12":"instock","13":"shipping-taxable","14":"purchasable","15":"product-type-simple"},"_links":{"self":[{"href":"https:\/\/tilefly.com\/fr\/wp-json\/wp\/v2\/product\/547547","targetHints":{"allow":["GET"]}}],"collection":[{"href":"https:\/\/tilefly.com\/fr\/wp-json\/wp\/v2\/product"}],"about":[{"href":"https:\/\/tilefly.com\/fr\/wp-json\/wp\/v2\/types\/product"}],"replies":[{"embeddable":true,"href":"https:\/\/tilefly.com\/fr\/wp-json\/wp\/v2\/comments?post=547547"}],"wp:featuredmedia":[{"embeddable":true,"href":"https:\/\/tilefly.com\/fr\/wp-json\/wp\/v2\/media\/546899"}],"wp:attachment":[{"href":"https:\/\/tilefly.com\/fr\/wp-json\/wp\/v2\/media?parent=547547"}],"wp:term":[{"taxonomy":"product_brand","embeddable":true,"href":"https:\/\/tilefly.com\/fr\/wp-json\/wp\/v2\/product_brand?post=547547"},{"taxonomy":"product_cat","embeddable":true,"href":"https:\/\/tilefly.com\/fr\/wp-json\/wp\/v2\/product_cat?post=547547"},{"taxonomy":"product_tag","embeddable":true,"href":"https:\/\/tilefly.com\/fr\/wp-json\/wp\/v2\/product_tag?post=547547"}],"curies":[{"name":"wp","href":"https:\/\/api.w.org\/{rel}","templated":true}]}}