{"id":547544,"date":"2024-11-20T23:10:58","date_gmt":"2024-11-20T22:10:58","guid":{"rendered":"https:\/\/tilefly.com\/producto\/downtown-grey-57x232\/"},"modified":"2024-11-21T00:56:56","modified_gmt":"2024-11-20T23:56:56","slug":"downtown-grey-57x232","status":"publish","type":"product","link":"https:\/\/tilefly.com\/fr\/produit\/downtown-grey-57x232\/","title":{"rendered":"DOWNTOWN GREY 5,7X23,2"},"content":{"rendered":"<h2><strong>CENTRE-VILLE GRIS 5,7X23,2<\/strong><\/h2><p><strong>Downtown Grey 5.7&#215;23.2<\/strong> est le choix parfait pour ceux qui recherchent la neutralit\u00e9 et la polyvalence du gris dans leurs espaces. Son fini mat antid\u00e9rapant CLASS 2 en fait un rev\u00eatement de sol pratique et s\u00e9curitaire pour une vari\u00e9t\u00e9 d&#8217;applications. <\/p><p>Elle appartient \u00e0 la collection <a href=\"https:\/\/tilefly.com\/producto\/downtown\/\">Downtown<\/a>, con\u00e7ue pour int\u00e9grer la modernit\u00e9 du ciment dans des espaces sophistiqu\u00e9s et fonctionnels.<\/p><p>Ce mod\u00e8le de petit format est id\u00e9al pour les projets de d\u00e9coration contemporains qui exigent qualit\u00e9 et style.<\/p>","protected":false},"excerpt":{"rendered":"<p>CENTRE-VILLE GRIS 5,7X23,2Downtown Grey 5.7&#215;23.2 est le choix parfait pour ceux qui recherchent la neutralit\u00e9 et la polyvalence du gris dans leurs espaces. Son fini mat antid\u00e9rapant CLASS 2 en fait un rev\u00eatement de sol pratique et s\u00e9curitaire pour une vari\u00e9t\u00e9 d&#8217;applications. Elle appartient \u00e0 la collection Downtown, con\u00e7ue pour int\u00e9grer la modernit\u00e9 du ciment [&hellip;]<\/p>\n","protected":false},"featured_media":546860,"comment_status":"open","ping_status":"closed","template":"","meta":[],"product_brand":[],"product_cat":[353,355,356,354],"product_tag":[],"class_list":{"0":"post-547544","1":"product","2":"type-product","3":"status-publish","4":"has-post-thumbnail","6":"product_cat-carrelage","7":"product_cat-cuisines","8":"product_cat-faiences","9":"product_cat-carrelage-salle-de-bain","11":"first","12":"instock","13":"shipping-taxable","14":"purchasable","15":"product-type-simple"},"_links":{"self":[{"href":"https:\/\/tilefly.com\/fr\/wp-json\/wp\/v2\/product\/547544","targetHints":{"allow":["GET"]}}],"collection":[{"href":"https:\/\/tilefly.com\/fr\/wp-json\/wp\/v2\/product"}],"about":[{"href":"https:\/\/tilefly.com\/fr\/wp-json\/wp\/v2\/types\/product"}],"replies":[{"embeddable":true,"href":"https:\/\/tilefly.com\/fr\/wp-json\/wp\/v2\/comments?post=547544"}],"wp:featuredmedia":[{"embeddable":true,"href":"https:\/\/tilefly.com\/fr\/wp-json\/wp\/v2\/media\/546860"}],"wp:attachment":[{"href":"https:\/\/tilefly.com\/fr\/wp-json\/wp\/v2\/media?parent=547544"}],"wp:term":[{"taxonomy":"product_brand","embeddable":true,"href":"https:\/\/tilefly.com\/fr\/wp-json\/wp\/v2\/product_brand?post=547544"},{"taxonomy":"product_cat","embeddable":true,"href":"https:\/\/tilefly.com\/fr\/wp-json\/wp\/v2\/product_cat?post=547544"},{"taxonomy":"product_tag","embeddable":true,"href":"https:\/\/tilefly.com\/fr\/wp-json\/wp\/v2\/product_tag?post=547544"}],"curies":[{"name":"wp","href":"https:\/\/api.w.org\/{rel}","templated":true}]}}