{"id":547542,"date":"2024-11-20T23:11:29","date_gmt":"2024-11-20T22:11:29","guid":{"rendered":"https:\/\/tilefly.com\/producto\/downtown-white-57x232\/"},"modified":"2024-11-21T00:56:55","modified_gmt":"2024-11-20T23:56:55","slug":"downtown-white-57x232","status":"publish","type":"product","link":"https:\/\/tilefly.com\/fr\/produit\/downtown-white-57x232\/","title":{"rendered":"DOWNTOWN WHITE 5,7X23,2"},"content":{"rendered":"<h2><strong>CENTRE-VILLE BLANC 5,7X23,2<\/strong><\/h2><p><strong>Downtown White 5,7&#215;23,2<\/strong> apporte une sensation d&#8217;espace et de fra\u00eecheur avec sa teinte blanche et sa finition mate antid\u00e9rapante CLASS 2. Id\u00e9al pour les projets qui recherchent un design \u00e9pur\u00e9 et minimaliste, ce carreau de sol en porcelaine allie esth\u00e9tique et fonctionnalit\u00e9. <\/p><p>Il fait partie de la collection <a href=\"https:\/\/tilefly.com\/producto\/downtown\/\">Downtown<\/a>, connue pour sa polyvalence et son design contemporain inspir\u00e9 du b\u00e9ton.<\/p><p>Parfait pour les espaces int\u00e9rieurs et ext\u00e9rieurs, ce mod\u00e8le est une solution pratique et \u00e9l\u00e9gante pour tout projet architectural.<\/p>","protected":false},"excerpt":{"rendered":"<p>CENTRE-VILLE BLANC 5,7X23,2Downtown White 5,7&#215;23,2 apporte une sensation d&#8217;espace et de fra\u00eecheur avec sa teinte blanche et sa finition mate antid\u00e9rapante CLASS 2. Id\u00e9al pour les projets qui recherchent un design \u00e9pur\u00e9 et minimaliste, ce carreau de sol en porcelaine allie esth\u00e9tique et fonctionnalit\u00e9. Il fait partie de la collection Downtown, connue pour sa polyvalence [&hellip;]<\/p>\n","protected":false},"featured_media":546874,"comment_status":"open","ping_status":"closed","template":"","meta":[],"product_brand":[],"product_cat":[353,355,356,354],"product_tag":[],"class_list":{"0":"post-547542","1":"product","2":"type-product","3":"status-publish","4":"has-post-thumbnail","6":"product_cat-carrelage","7":"product_cat-cuisines","8":"product_cat-faiences","9":"product_cat-carrelage-salle-de-bain","11":"first","12":"instock","13":"shipping-taxable","14":"purchasable","15":"product-type-simple"},"_links":{"self":[{"href":"https:\/\/tilefly.com\/fr\/wp-json\/wp\/v2\/product\/547542","targetHints":{"allow":["GET"]}}],"collection":[{"href":"https:\/\/tilefly.com\/fr\/wp-json\/wp\/v2\/product"}],"about":[{"href":"https:\/\/tilefly.com\/fr\/wp-json\/wp\/v2\/types\/product"}],"replies":[{"embeddable":true,"href":"https:\/\/tilefly.com\/fr\/wp-json\/wp\/v2\/comments?post=547542"}],"wp:featuredmedia":[{"embeddable":true,"href":"https:\/\/tilefly.com\/fr\/wp-json\/wp\/v2\/media\/546874"}],"wp:attachment":[{"href":"https:\/\/tilefly.com\/fr\/wp-json\/wp\/v2\/media?parent=547542"}],"wp:term":[{"taxonomy":"product_brand","embeddable":true,"href":"https:\/\/tilefly.com\/fr\/wp-json\/wp\/v2\/product_brand?post=547542"},{"taxonomy":"product_cat","embeddable":true,"href":"https:\/\/tilefly.com\/fr\/wp-json\/wp\/v2\/product_cat?post=547542"},{"taxonomy":"product_tag","embeddable":true,"href":"https:\/\/tilefly.com\/fr\/wp-json\/wp\/v2\/product_tag?post=547542"}],"curies":[{"name":"wp","href":"https:\/\/api.w.org\/{rel}","templated":true}]}}