{"id":547538,"date":"2024-11-20T23:10:50","date_gmt":"2024-11-20T22:10:50","guid":{"rendered":"https:\/\/tilefly.com\/producto\/downtown-rose-57x232\/"},"modified":"2024-11-21T00:56:54","modified_gmt":"2024-11-20T23:56:54","slug":"downtown-rose-57x232","status":"publish","type":"product","link":"https:\/\/tilefly.com\/fr\/produit\/downtown-rose-57x232\/","title":{"rendered":"DOWNTOWN ROSE 5,7X23,2"},"content":{"rendered":"<h2><strong>DOWNTOWN ROSE 5,7X23,2<\/strong><\/h2><p><strong>Downtown Rose 5,7&#215;23,2<\/strong> apporte une d\u00e9licate touche de couleur avec sa teinte rose, id\u00e9ale pour ceux qui recherchent un design innovant et chaleureux. Ce carreau de sol en porcelaine pr\u00e9sente une finition mate antid\u00e9rapante CLASS 2 qui garantit fonctionnalit\u00e9 et style. <\/p><p>Faisant partie de la s\u00e9rie <a href=\"https:\/\/tilefly.com\/producto\/downtown\/\">Downtown<\/a>, cette pi\u00e8ce est parfaite pour les espaces qui veulent se d\u00e9marquer avec un design moderne et \u00e9l\u00e9gant.<\/p><p>Transformez vos environnements avec cette pi\u00e8ce d&#8217;inspiration urbaine, id\u00e9ale pour les projets r\u00e9sidentiels ou commerciaux.<\/p>","protected":false},"excerpt":{"rendered":"<p>DOWNTOWN ROSE 5,7X23,2Downtown Rose 5,7&#215;23,2 apporte une d\u00e9licate touche de couleur avec sa teinte rose, id\u00e9ale pour ceux qui recherchent un design innovant et chaleureux. Ce carreau de sol en porcelaine pr\u00e9sente une finition mate antid\u00e9rapante CLASS 2 qui garantit fonctionnalit\u00e9 et style. Faisant partie de la s\u00e9rie Downtown, cette pi\u00e8ce est parfaite pour les [&hellip;]<\/p>\n","protected":false},"featured_media":546847,"comment_status":"open","ping_status":"closed","template":"","meta":[],"product_brand":[],"product_cat":[353,355,356,354],"product_tag":[],"class_list":{"0":"post-547538","1":"product","2":"type-product","3":"status-publish","4":"has-post-thumbnail","6":"product_cat-carrelage","7":"product_cat-cuisines","8":"product_cat-faiences","9":"product_cat-carrelage-salle-de-bain","11":"first","12":"instock","13":"shipping-taxable","14":"purchasable","15":"product-type-simple"},"_links":{"self":[{"href":"https:\/\/tilefly.com\/fr\/wp-json\/wp\/v2\/product\/547538","targetHints":{"allow":["GET"]}}],"collection":[{"href":"https:\/\/tilefly.com\/fr\/wp-json\/wp\/v2\/product"}],"about":[{"href":"https:\/\/tilefly.com\/fr\/wp-json\/wp\/v2\/types\/product"}],"replies":[{"embeddable":true,"href":"https:\/\/tilefly.com\/fr\/wp-json\/wp\/v2\/comments?post=547538"}],"wp:featuredmedia":[{"embeddable":true,"href":"https:\/\/tilefly.com\/fr\/wp-json\/wp\/v2\/media\/546847"}],"wp:attachment":[{"href":"https:\/\/tilefly.com\/fr\/wp-json\/wp\/v2\/media?parent=547538"}],"wp:term":[{"taxonomy":"product_brand","embeddable":true,"href":"https:\/\/tilefly.com\/fr\/wp-json\/wp\/v2\/product_brand?post=547538"},{"taxonomy":"product_cat","embeddable":true,"href":"https:\/\/tilefly.com\/fr\/wp-json\/wp\/v2\/product_cat?post=547538"},{"taxonomy":"product_tag","embeddable":true,"href":"https:\/\/tilefly.com\/fr\/wp-json\/wp\/v2\/product_tag?post=547538"}],"curies":[{"name":"wp","href":"https:\/\/api.w.org\/{rel}","templated":true}]}}