{"id":547536,"date":"2024-11-20T23:10:38","date_gmt":"2024-11-20T22:10:38","guid":{"rendered":"https:\/\/tilefly.com\/producto\/downtown-coal-57x232\/"},"modified":"2024-11-21T00:56:50","modified_gmt":"2024-11-20T23:56:50","slug":"downtown-coal-57x232","status":"publish","type":"product","link":"https:\/\/tilefly.com\/fr\/produit\/downtown-coal-57x232\/","title":{"rendered":"DOWNTOWN COAL 5,7X23,2"},"content":{"rendered":"<h2><strong>CHARBON EN VILLE 5,7X23,2<\/strong><\/h2><p><strong>Downtown Coal 5,7&#215;23,2<\/strong> associe un \u00e9l\u00e9gant ton gris fonc\u00e9 \u00e0 un petit format, id\u00e9al pour cr\u00e9er des espaces de caract\u00e8re et de modernit\u00e9. Ce carrelage de sol en porcelaine offre une finition mate antid\u00e9rapante CLASS 2, parfaite pour les projets qui privil\u00e9gient la s\u00e9curit\u00e9 et le design. <\/p><p>Appartenant \u00e0 la s\u00e9rie <a href=\"https:\/\/tilefly.com\/producto\/downtown\/\">Downtown<\/a>, cette pi\u00e8ce refl\u00e8te l&#8217;essence urbaine du b\u00e9ton, permettant des transformations uniques dans les espaces int\u00e9rieurs ou ext\u00e9rieurs.<\/p><p>Durable, polyvalent et sophistiqu\u00e9, ce mod\u00e8le est un excellent choix pour ceux qui recherchent le style et la fonctionnalit\u00e9 dans les moindres d\u00e9tails.<\/p>","protected":false},"excerpt":{"rendered":"<p>CHARBON EN VILLE 5,7X23,2Downtown Coal 5,7&#215;23,2 associe un \u00e9l\u00e9gant ton gris fonc\u00e9 \u00e0 un petit format, id\u00e9al pour cr\u00e9er des espaces de caract\u00e8re et de modernit\u00e9. Ce carrelage de sol en porcelaine offre une finition mate antid\u00e9rapante CLASS 2, parfaite pour les projets qui privil\u00e9gient la s\u00e9curit\u00e9 et le design. Appartenant \u00e0 la s\u00e9rie Downtown, [&hellip;]<\/p>\n","protected":false},"featured_media":546821,"comment_status":"open","ping_status":"closed","template":"","meta":[],"product_brand":[],"product_cat":[353,355,356,354],"product_tag":[],"class_list":{"0":"post-547536","1":"product","2":"type-product","3":"status-publish","4":"has-post-thumbnail","6":"product_cat-carrelage","7":"product_cat-cuisines","8":"product_cat-faiences","9":"product_cat-carrelage-salle-de-bain","11":"first","12":"instock","13":"shipping-taxable","14":"purchasable","15":"product-type-simple"},"_links":{"self":[{"href":"https:\/\/tilefly.com\/fr\/wp-json\/wp\/v2\/product\/547536","targetHints":{"allow":["GET"]}}],"collection":[{"href":"https:\/\/tilefly.com\/fr\/wp-json\/wp\/v2\/product"}],"about":[{"href":"https:\/\/tilefly.com\/fr\/wp-json\/wp\/v2\/types\/product"}],"replies":[{"embeddable":true,"href":"https:\/\/tilefly.com\/fr\/wp-json\/wp\/v2\/comments?post=547536"}],"wp:featuredmedia":[{"embeddable":true,"href":"https:\/\/tilefly.com\/fr\/wp-json\/wp\/v2\/media\/546821"}],"wp:attachment":[{"href":"https:\/\/tilefly.com\/fr\/wp-json\/wp\/v2\/media?parent=547536"}],"wp:term":[{"taxonomy":"product_brand","embeddable":true,"href":"https:\/\/tilefly.com\/fr\/wp-json\/wp\/v2\/product_brand?post=547536"},{"taxonomy":"product_cat","embeddable":true,"href":"https:\/\/tilefly.com\/fr\/wp-json\/wp\/v2\/product_cat?post=547536"},{"taxonomy":"product_tag","embeddable":true,"href":"https:\/\/tilefly.com\/fr\/wp-json\/wp\/v2\/product_tag?post=547536"}],"curies":[{"name":"wp","href":"https:\/\/api.w.org\/{rel}","templated":true}]}}