{"id":547524,"date":"2024-11-20T23:10:21","date_gmt":"2024-11-20T22:10:21","guid":{"rendered":"https:\/\/tilefly.com\/producto\/downtown-white-115x232\/"},"modified":"2024-11-21T00:56:40","modified_gmt":"2024-11-20T23:56:40","slug":"downtown-white-115x232","status":"publish","type":"product","link":"https:\/\/tilefly.com\/fr\/produit\/downtown-white-115x232\/","title":{"rendered":"DOWNTOWN WHITE 11,5X23,2"},"content":{"rendered":"<h2><strong>CENTRE-VILLE BLANC 11,5X23,2<\/strong><\/h2><p>Le <strong>Downtown White 11,5&#215;23,2<\/strong> est le choix parfait pour ceux qui recherchent de la luminosit\u00e9 et de l&#8217;espace dans leurs espaces. Son ton blanc \u00e9pur\u00e9, associ\u00e9 \u00e0 une finition mate antid\u00e9rapante CLASS 2, le rend \u00e0 la fois esth\u00e9tique et fonctionnel. <\/p><p>Appartenant \u00e0 la collection <a href=\"https:\/\/tilefly.com\/producto\/downtown\/\">Downtown<\/a>, ce gr\u00e8s c\u00e9rame se distingue par son design contemporain qui int\u00e8gre l&#8217;essence du ciment \u00e0 la fra\u00eecheur du petit format.<\/p><p>Id\u00e9al pour tout environnement n\u00e9cessitant un design minimaliste et moderne, ce produit garantit la qualit\u00e9 et le style dans les moindres d\u00e9tails.<\/p>","protected":false},"excerpt":{"rendered":"<p>CENTRE-VILLE BLANC 11,5X23,2Le Downtown White 11,5&#215;23,2 est le choix parfait pour ceux qui recherchent de la luminosit\u00e9 et de l&#8217;espace dans leurs espaces. Son ton blanc \u00e9pur\u00e9, associ\u00e9 \u00e0 une finition mate antid\u00e9rapante CLASS 2, le rend \u00e0 la fois esth\u00e9tique et fonctionnel. Appartenant \u00e0 la collection Downtown, ce gr\u00e8s c\u00e9rame se distingue par son [&hellip;]<\/p>\n","protected":false},"featured_media":546795,"comment_status":"open","ping_status":"closed","template":"","meta":[],"product_brand":[],"product_cat":[353,355,356,354],"product_tag":[],"class_list":{"0":"post-547524","1":"product","2":"type-product","3":"status-publish","4":"has-post-thumbnail","6":"product_cat-carrelage","7":"product_cat-cuisines","8":"product_cat-faiences","9":"product_cat-carrelage-salle-de-bain","11":"first","12":"instock","13":"shipping-taxable","14":"purchasable","15":"product-type-simple"},"_links":{"self":[{"href":"https:\/\/tilefly.com\/fr\/wp-json\/wp\/v2\/product\/547524","targetHints":{"allow":["GET"]}}],"collection":[{"href":"https:\/\/tilefly.com\/fr\/wp-json\/wp\/v2\/product"}],"about":[{"href":"https:\/\/tilefly.com\/fr\/wp-json\/wp\/v2\/types\/product"}],"replies":[{"embeddable":true,"href":"https:\/\/tilefly.com\/fr\/wp-json\/wp\/v2\/comments?post=547524"}],"wp:featuredmedia":[{"embeddable":true,"href":"https:\/\/tilefly.com\/fr\/wp-json\/wp\/v2\/media\/546795"}],"wp:attachment":[{"href":"https:\/\/tilefly.com\/fr\/wp-json\/wp\/v2\/media?parent=547524"}],"wp:term":[{"taxonomy":"product_brand","embeddable":true,"href":"https:\/\/tilefly.com\/fr\/wp-json\/wp\/v2\/product_brand?post=547524"},{"taxonomy":"product_cat","embeddable":true,"href":"https:\/\/tilefly.com\/fr\/wp-json\/wp\/v2\/product_cat?post=547524"},{"taxonomy":"product_tag","embeddable":true,"href":"https:\/\/tilefly.com\/fr\/wp-json\/wp\/v2\/product_tag?post=547524"}],"curies":[{"name":"wp","href":"https:\/\/api.w.org\/{rel}","templated":true}]}}