{"id":547516,"date":"2024-11-20T23:09:49","date_gmt":"2024-11-20T22:09:49","guid":{"rendered":"https:\/\/tilefly.com\/producto\/downtown-pearl-115x232\/"},"modified":"2024-11-21T00:56:28","modified_gmt":"2024-11-20T23:56:28","slug":"downtown-pearl-115x232","status":"publish","type":"product","link":"https:\/\/tilefly.com\/fr\/produit\/downtown-pearl-115x232\/","title":{"rendered":"DOWNTOWN PEARL 11,5X23,2"},"content":{"rendered":"<h2><strong>PERLE DU CENTRE-VILLE 11,5X23,2<\/strong><\/h2><p><strong>Downtown Pearl 11.5&#215;23.2<\/strong> offre un ton perl\u00e9 d\u00e9licat qui illumine tout environnement par son \u00e9l\u00e9gance subtile. Ce gr\u00e8s c\u00e9rame pour le sol d&#8217;inspiration cimentaire combine un design sophistiqu\u00e9 avec une finition mate antid\u00e9rapante CLASS 2, id\u00e9ale pour les zones \u00e0 fort trafic. <\/p><p>Faisant partie de la collection <a href=\"https:\/\/tilefly.com\/producto\/downtown\/\">Downtown<\/a>, cette pi\u00e8ce est un parfait exemple de la fa\u00e7on dont le style contemporain et la fonctionnalit\u00e9 peuvent fusionner pour transformer n&#8217;importe quel espace en un lieu unique.<\/p><p>Le petit format et la texture raffin\u00e9e font de ce mod\u00e8le un choix polyvalent, capable de s&#8217;adapter \u00e0 de multiples styles d\u00e9coratifs et besoins fonctionnels.<\/p>","protected":false},"excerpt":{"rendered":"<p>PERLE DU CENTRE-VILLE 11,5X23,2Downtown Pearl 11.5&#215;23.2 offre un ton perl\u00e9 d\u00e9licat qui illumine tout environnement par son \u00e9l\u00e9gance subtile. Ce gr\u00e8s c\u00e9rame pour le sol d&#8217;inspiration cimentaire combine un design sophistiqu\u00e9 avec une finition mate antid\u00e9rapante CLASS 2, id\u00e9ale pour les zones \u00e0 fort trafic. Faisant partie de la collection Downtown, cette pi\u00e8ce est un [&hellip;]<\/p>\n","protected":false},"featured_media":546756,"comment_status":"open","ping_status":"closed","template":"","meta":[],"product_brand":[],"product_cat":[353,355,356,354],"product_tag":[],"class_list":{"0":"post-547516","1":"product","2":"type-product","3":"status-publish","4":"has-post-thumbnail","6":"product_cat-carrelage","7":"product_cat-cuisines","8":"product_cat-faiences","9":"product_cat-carrelage-salle-de-bain","11":"first","12":"instock","13":"shipping-taxable","14":"purchasable","15":"product-type-simple"},"_links":{"self":[{"href":"https:\/\/tilefly.com\/fr\/wp-json\/wp\/v2\/product\/547516","targetHints":{"allow":["GET"]}}],"collection":[{"href":"https:\/\/tilefly.com\/fr\/wp-json\/wp\/v2\/product"}],"about":[{"href":"https:\/\/tilefly.com\/fr\/wp-json\/wp\/v2\/types\/product"}],"replies":[{"embeddable":true,"href":"https:\/\/tilefly.com\/fr\/wp-json\/wp\/v2\/comments?post=547516"}],"wp:featuredmedia":[{"embeddable":true,"href":"https:\/\/tilefly.com\/fr\/wp-json\/wp\/v2\/media\/546756"}],"wp:attachment":[{"href":"https:\/\/tilefly.com\/fr\/wp-json\/wp\/v2\/media?parent=547516"}],"wp:term":[{"taxonomy":"product_brand","embeddable":true,"href":"https:\/\/tilefly.com\/fr\/wp-json\/wp\/v2\/product_brand?post=547516"},{"taxonomy":"product_cat","embeddable":true,"href":"https:\/\/tilefly.com\/fr\/wp-json\/wp\/v2\/product_cat?post=547516"},{"taxonomy":"product_tag","embeddable":true,"href":"https:\/\/tilefly.com\/fr\/wp-json\/wp\/v2\/product_tag?post=547516"}],"curies":[{"name":"wp","href":"https:\/\/api.w.org\/{rel}","templated":true}]}}