{"id":547508,"date":"2024-11-15T16:26:46","date_gmt":"2024-11-20T23:56:20","guid":{"rendered":"https:\/\/tilefly.com\/producto\/zuhause\/"},"modified":"2024-11-21T00:56:20","modified_gmt":"2024-11-20T23:56:20","slug":"zuhause","status":"publish","type":"product","link":"https:\/\/tilefly.com\/fr\/produit\/zuhause\/","title":{"rendered":"ZUHAUSE"},"content":{"rendered":"<p>Zuhause est une collection au graphisme neutre qui s&#8217;adapte \u00e0 tous les types de maisons et de pi\u00e8ces. Une collection romantique et classique qui s\u00e9duit les amateurs de design pur, de design sans artifice ni ornementation. Sa gamme chromatique est compos\u00e9e de couleurs neutres et son aspect semi-brillant donne une texture unique aux pi\u00e8ces, subtile mais visible. Zuhause est sans aucun doute une option tr\u00e8s tentante pour ceux qui recherchent une collection \u00e9l\u00e9gante \u00e0 combiner avec d&#8217;autres plus audacieuses.   <\/p>","protected":false},"excerpt":{"rendered":"<p>Zuhause est une collection au graphisme neutre qui s&#8217;adapte \u00e0 tous les types de maisons et de pi\u00e8ces. Une collection romantique et classique qui s\u00e9duit les amateurs de design pur, de design sans artifice ni ornementation. Sa gamme chromatique est compos\u00e9e de couleurs neutres et son aspect semi-brillant donne une texture unique aux pi\u00e8ces, subtile [&hellip;]<\/p>\n","protected":false},"featured_media":546477,"comment_status":"closed","ping_status":"closed","template":"","meta":[],"product_brand":[],"product_cat":[353,355,354,357],"product_tag":[],"class_list":{"0":"post-547508","1":"product","2":"type-product","3":"status-publish","4":"has-post-thumbnail","6":"product_cat-carrelage","7":"product_cat-cuisines","8":"product_cat-carrelage-salle-de-bain","9":"product_cat-carrelage-salon","11":"first","12":"instock","13":"shipping-taxable","14":"product-type-grouped"},"_links":{"self":[{"href":"https:\/\/tilefly.com\/fr\/wp-json\/wp\/v2\/product\/547508","targetHints":{"allow":["GET"]}}],"collection":[{"href":"https:\/\/tilefly.com\/fr\/wp-json\/wp\/v2\/product"}],"about":[{"href":"https:\/\/tilefly.com\/fr\/wp-json\/wp\/v2\/types\/product"}],"replies":[{"embeddable":true,"href":"https:\/\/tilefly.com\/fr\/wp-json\/wp\/v2\/comments?post=547508"}],"wp:featuredmedia":[{"embeddable":true,"href":"https:\/\/tilefly.com\/fr\/wp-json\/wp\/v2\/media\/546477"}],"wp:attachment":[{"href":"https:\/\/tilefly.com\/fr\/wp-json\/wp\/v2\/media?parent=547508"}],"wp:term":[{"taxonomy":"product_brand","embeddable":true,"href":"https:\/\/tilefly.com\/fr\/wp-json\/wp\/v2\/product_brand?post=547508"},{"taxonomy":"product_cat","embeddable":true,"href":"https:\/\/tilefly.com\/fr\/wp-json\/wp\/v2\/product_cat?post=547508"},{"taxonomy":"product_tag","embeddable":true,"href":"https:\/\/tilefly.com\/fr\/wp-json\/wp\/v2\/product_tag?post=547508"}],"curies":[{"name":"wp","href":"https:\/\/api.w.org\/{rel}","templated":true}]}}