{"id":547506,"date":"2024-11-15T16:17:11","date_gmt":"2024-11-20T23:56:16","guid":{"rendered":"https:\/\/tilefly.com\/producto\/volterra\/"},"modified":"2025-02-19T02:04:09","modified_gmt":"2025-02-19T01:04:09","slug":"volterra","status":"publish","type":"product","link":"https:\/\/tilefly.com\/fr\/produit\/volterra\/","title":{"rendered":"VOLTERRA"},"content":{"rendered":"<p>Volterra White s&#8217;inspire du marbre blanc arabescato, une pierre naturelle d&#8217;une beaut\u00e9 exquise qui combine des tons blancs doux et des gris subtils. Originaire de la r\u00e9gion nord de la Toscane, pr\u00e8s de la ville historique de Carrare en Italie, cette pierre est c\u00e9l\u00e8bre pour sa longue tradition d&#8217;extraction du marbre. Notre collection capture cette combinaison unique de blancs et de gris entrelac\u00e9s dans un motif tourbillonnant, ce qui en fait le choix id\u00e9al pour la d\u00e9coration d&#8217;int\u00e9rieur et les projets architecturaux.  <\/p>","protected":false},"excerpt":{"rendered":"<p>Volterra White s&#8217;inspire du marbre blanc arabescato, une pierre naturelle d&#8217;une beaut\u00e9 exquise qui combine des tons blancs doux et des gris subtils. Originaire de la r\u00e9gion nord de la Toscane, pr\u00e8s de la ville historique de Carrare en Italie, cette pierre est c\u00e9l\u00e8bre pour sa longue tradition d&#8217;extraction du marbre. Notre collection capture cette [&hellip;]<\/p>\n","protected":false},"featured_media":546099,"comment_status":"closed","ping_status":"closed","template":"","meta":[],"product_brand":[],"product_cat":[353,354,357],"product_tag":[],"class_list":{"0":"post-547506","1":"product","2":"type-product","3":"status-publish","4":"has-post-thumbnail","6":"product_cat-carrelage","7":"product_cat-carrelage-salle-de-bain","8":"product_cat-carrelage-salon","10":"first","11":"instock","12":"shipping-taxable","13":"product-type-grouped"},"_links":{"self":[{"href":"https:\/\/tilefly.com\/fr\/wp-json\/wp\/v2\/product\/547506","targetHints":{"allow":["GET"]}}],"collection":[{"href":"https:\/\/tilefly.com\/fr\/wp-json\/wp\/v2\/product"}],"about":[{"href":"https:\/\/tilefly.com\/fr\/wp-json\/wp\/v2\/types\/product"}],"replies":[{"embeddable":true,"href":"https:\/\/tilefly.com\/fr\/wp-json\/wp\/v2\/comments?post=547506"}],"wp:featuredmedia":[{"embeddable":true,"href":"https:\/\/tilefly.com\/fr\/wp-json\/wp\/v2\/media\/546099"}],"wp:attachment":[{"href":"https:\/\/tilefly.com\/fr\/wp-json\/wp\/v2\/media?parent=547506"}],"wp:term":[{"taxonomy":"product_brand","embeddable":true,"href":"https:\/\/tilefly.com\/fr\/wp-json\/wp\/v2\/product_brand?post=547506"},{"taxonomy":"product_cat","embeddable":true,"href":"https:\/\/tilefly.com\/fr\/wp-json\/wp\/v2\/product_cat?post=547506"},{"taxonomy":"product_tag","embeddable":true,"href":"https:\/\/tilefly.com\/fr\/wp-json\/wp\/v2\/product_tag?post=547506"}],"curies":[{"name":"wp","href":"https:\/\/api.w.org\/{rel}","templated":true}]}}