{"id":547503,"date":"2024-11-15T16:20:47","date_gmt":"2024-11-20T23:56:12","guid":{"rendered":"https:\/\/tilefly.com\/producto\/yoho\/"},"modified":"2025-02-19T01:58:48","modified_gmt":"2025-02-19T00:58:48","slug":"yoho","status":"publish","type":"product","link":"https:\/\/tilefly.com\/fr\/produit\/yoho\/","title":{"rendered":"YOHO"},"content":{"rendered":"<p>Une promenade dans le parc national de Yoho au Canada est une pure source d&#8217;inspiration : ses paysages, ses montagnes et ses lacs incroyables sont reproduits dans cette collection, repr\u00e9sentant les vertus du ch\u00eane, sa r\u00e9sistance et sa nature imperturbable. Pour obtenir une palette chromatique dans les tons du bois, six encres color\u00e9es ont \u00e9t\u00e9 utilis\u00e9es. La technique de sculpture g\u00e9n\u00e8re un effet de relief sous l&#8217;\u00e9mail, capable de s\u00e9duire les professionnels les plus exigeants.  <\/p>","protected":false},"excerpt":{"rendered":"<p>Une promenade dans le parc national de Yoho au Canada est une pure source d&#8217;inspiration : ses paysages, ses montagnes et ses lacs incroyables sont reproduits dans cette collection, repr\u00e9sentant les vertus du ch\u00eane, sa r\u00e9sistance et sa nature imperturbable. Pour obtenir une palette chromatique dans les tons du bois, six encres color\u00e9es ont \u00e9t\u00e9 [&hellip;]<\/p>\n","protected":false},"featured_media":546328,"comment_status":"closed","ping_status":"closed","template":"","meta":[],"product_brand":[],"product_cat":[353,355,354,357],"product_tag":[],"class_list":{"0":"post-547503","1":"product","2":"type-product","3":"status-publish","4":"has-post-thumbnail","6":"product_cat-carrelage","7":"product_cat-cuisines","8":"product_cat-carrelage-salle-de-bain","9":"product_cat-carrelage-salon","11":"first","12":"instock","13":"shipping-taxable","14":"product-type-grouped"},"_links":{"self":[{"href":"https:\/\/tilefly.com\/fr\/wp-json\/wp\/v2\/product\/547503","targetHints":{"allow":["GET"]}}],"collection":[{"href":"https:\/\/tilefly.com\/fr\/wp-json\/wp\/v2\/product"}],"about":[{"href":"https:\/\/tilefly.com\/fr\/wp-json\/wp\/v2\/types\/product"}],"replies":[{"embeddable":true,"href":"https:\/\/tilefly.com\/fr\/wp-json\/wp\/v2\/comments?post=547503"}],"wp:featuredmedia":[{"embeddable":true,"href":"https:\/\/tilefly.com\/fr\/wp-json\/wp\/v2\/media\/546328"}],"wp:attachment":[{"href":"https:\/\/tilefly.com\/fr\/wp-json\/wp\/v2\/media?parent=547503"}],"wp:term":[{"taxonomy":"product_brand","embeddable":true,"href":"https:\/\/tilefly.com\/fr\/wp-json\/wp\/v2\/product_brand?post=547503"},{"taxonomy":"product_cat","embeddable":true,"href":"https:\/\/tilefly.com\/fr\/wp-json\/wp\/v2\/product_cat?post=547503"},{"taxonomy":"product_tag","embeddable":true,"href":"https:\/\/tilefly.com\/fr\/wp-json\/wp\/v2\/product_tag?post=547503"}],"curies":[{"name":"wp","href":"https:\/\/api.w.org\/{rel}","templated":true}]}}