{"id":547496,"date":"2024-11-20T23:13:21","date_gmt":"2024-11-20T22:13:21","guid":{"rendered":"https:\/\/tilefly.com\/producto\/downtown-white-115x115\/"},"modified":"2024-11-21T00:55:30","modified_gmt":"2024-11-20T23:55:30","slug":"downtown-white-115x115","status":"publish","type":"product","link":"https:\/\/tilefly.com\/fr\/produit\/downtown-white-115x115\/","title":{"rendered":"DOWNTOWN WHITE 11,5X11,5"},"content":{"rendered":"<h2><strong>CENTRE-VILLE BLANC 11,5X11,5<\/strong><\/h2><p><strong>Downtown White 11,5&#215;11,5<\/strong> se caract\u00e9rise par sa puret\u00e9 et sa clart\u00e9, id\u00e9ales pour cr\u00e9er des espaces lumineux et spacieux. Ce gr\u00e8s c\u00e9rame, avec une finition mate antid\u00e9rapante CLASS 2, allie s\u00e9curit\u00e9 et design dans un petit format. <\/p><p>Faisant partie de la collection <a href=\"https:\/\/tilefly.com\/producto\/downtown\/\">Downtown<\/a>, cette pi\u00e8ce est parfaite pour les projets recherchant un design minimaliste et moderne.<\/p><p>Transformez n&#8217;importe quel espace avec ce mod\u00e8le qui garantit qualit\u00e9 et style dans les moindres d\u00e9tails.<\/p>","protected":false},"excerpt":{"rendered":"<p>CENTRE-VILLE BLANC 11,5X11,5Downtown White 11,5&#215;11,5 se caract\u00e9rise par sa puret\u00e9 et sa clart\u00e9, id\u00e9ales pour cr\u00e9er des espaces lumineux et spacieux. Ce gr\u00e8s c\u00e9rame, avec une finition mate antid\u00e9rapante CLASS 2, allie s\u00e9curit\u00e9 et design dans un petit format. Faisant partie de la collection Downtown, cette pi\u00e8ce est parfaite pour les projets recherchant un design [&hellip;]<\/p>\n","protected":false},"featured_media":547035,"comment_status":"open","ping_status":"closed","template":"","meta":[],"product_brand":[],"product_cat":[353,355,356,354],"product_tag":[],"class_list":{"0":"post-547496","1":"product","2":"type-product","3":"status-publish","4":"has-post-thumbnail","6":"product_cat-carrelage","7":"product_cat-cuisines","8":"product_cat-faiences","9":"product_cat-carrelage-salle-de-bain","11":"first","12":"instock","13":"shipping-taxable","14":"purchasable","15":"product-type-simple"},"_links":{"self":[{"href":"https:\/\/tilefly.com\/fr\/wp-json\/wp\/v2\/product\/547496","targetHints":{"allow":["GET"]}}],"collection":[{"href":"https:\/\/tilefly.com\/fr\/wp-json\/wp\/v2\/product"}],"about":[{"href":"https:\/\/tilefly.com\/fr\/wp-json\/wp\/v2\/types\/product"}],"replies":[{"embeddable":true,"href":"https:\/\/tilefly.com\/fr\/wp-json\/wp\/v2\/comments?post=547496"}],"wp:featuredmedia":[{"embeddable":true,"href":"https:\/\/tilefly.com\/fr\/wp-json\/wp\/v2\/media\/547035"}],"wp:attachment":[{"href":"https:\/\/tilefly.com\/fr\/wp-json\/wp\/v2\/media?parent=547496"}],"wp:term":[{"taxonomy":"product_brand","embeddable":true,"href":"https:\/\/tilefly.com\/fr\/wp-json\/wp\/v2\/product_brand?post=547496"},{"taxonomy":"product_cat","embeddable":true,"href":"https:\/\/tilefly.com\/fr\/wp-json\/wp\/v2\/product_cat?post=547496"},{"taxonomy":"product_tag","embeddable":true,"href":"https:\/\/tilefly.com\/fr\/wp-json\/wp\/v2\/product_tag?post=547496"}],"curies":[{"name":"wp","href":"https:\/\/api.w.org\/{rel}","templated":true}]}}