{"id":547494,"date":"2024-11-20T23:13:27","date_gmt":"2024-11-20T22:13:27","guid":{"rendered":"https:\/\/tilefly.com\/producto\/gleam-sand-115x115\/"},"modified":"2024-11-21T00:55:28","modified_gmt":"2024-11-20T23:55:28","slug":"gleam-sand-115x115","status":"publish","type":"product","link":"https:\/\/tilefly.com\/fr\/produit\/gleam-sand-115x115\/","title":{"rendered":"GLEAM SAND 11,5X11,5"},"content":{"rendered":"<h2><strong>GLEAM SAND 11,5X11,5<\/strong><\/h2><p><strong>Gleam Sand 11,5&#215;11,5<\/strong> offre un ton beige doux qui allie chaleur et \u00e9l\u00e9gance. Ce gr\u00e8s c\u00e9rame, \u00e0 la finition mate, est id\u00e9al pour les projets \u00e0 la recherche de polyvalence et de style contemporain. <\/p><p>Il fait partie de la collection <a href=\"https:\/\/tilefly.com\/producto\/downtown\/\">Downtown<\/a>, une ligne qui red\u00e9finit l&#8217;utilisation du ciment dans de petits formats fonctionnels.<\/p><p>Parfait pour les espaces r\u00e9sidentiels et commerciaux, ce mod\u00e8le garantit la durabilit\u00e9 et le design dans les moindres d\u00e9tails.<\/p>","protected":false},"excerpt":{"rendered":"<p>GLEAM SAND 11,5X11,5Gleam Sand 11,5&#215;11,5 offre un ton beige doux qui allie chaleur et \u00e9l\u00e9gance. Ce gr\u00e8s c\u00e9rame, \u00e0 la finition mate, est id\u00e9al pour les projets \u00e0 la recherche de polyvalence et de style contemporain. Il fait partie de la collection Downtown, une ligne qui red\u00e9finit l&#8217;utilisation du ciment dans de petits formats fonctionnels.Parfait [&hellip;]<\/p>\n","protected":false},"featured_media":547055,"comment_status":"open","ping_status":"closed","template":"","meta":[],"product_brand":[],"product_cat":[353,355,356,354],"product_tag":[],"class_list":{"0":"post-547494","1":"product","2":"type-product","3":"status-publish","4":"has-post-thumbnail","6":"product_cat-carrelage","7":"product_cat-cuisines","8":"product_cat-faiences","9":"product_cat-carrelage-salle-de-bain","11":"first","12":"instock","13":"shipping-taxable","14":"purchasable","15":"product-type-simple"},"_links":{"self":[{"href":"https:\/\/tilefly.com\/fr\/wp-json\/wp\/v2\/product\/547494","targetHints":{"allow":["GET"]}}],"collection":[{"href":"https:\/\/tilefly.com\/fr\/wp-json\/wp\/v2\/product"}],"about":[{"href":"https:\/\/tilefly.com\/fr\/wp-json\/wp\/v2\/types\/product"}],"replies":[{"embeddable":true,"href":"https:\/\/tilefly.com\/fr\/wp-json\/wp\/v2\/comments?post=547494"}],"wp:featuredmedia":[{"embeddable":true,"href":"https:\/\/tilefly.com\/fr\/wp-json\/wp\/v2\/media\/547055"}],"wp:attachment":[{"href":"https:\/\/tilefly.com\/fr\/wp-json\/wp\/v2\/media?parent=547494"}],"wp:term":[{"taxonomy":"product_brand","embeddable":true,"href":"https:\/\/tilefly.com\/fr\/wp-json\/wp\/v2\/product_brand?post=547494"},{"taxonomy":"product_cat","embeddable":true,"href":"https:\/\/tilefly.com\/fr\/wp-json\/wp\/v2\/product_cat?post=547494"},{"taxonomy":"product_tag","embeddable":true,"href":"https:\/\/tilefly.com\/fr\/wp-json\/wp\/v2\/product_tag?post=547494"}],"curies":[{"name":"wp","href":"https:\/\/api.w.org\/{rel}","templated":true}]}}