{"id":547487,"date":"2024-11-20T23:23:53","date_gmt":"2024-11-20T23:54:47","guid":{"rendered":"https:\/\/tilefly.com\/producto\/downtown\/"},"modified":"2025-02-19T02:02:39","modified_gmt":"2025-02-19T01:02:39","slug":"downtown","status":"publish","type":"product","link":"https:\/\/tilefly.com\/fr\/produit\/downtown\/","title":{"rendered":"DOWNTOWN"},"content":{"rendered":"<p>La s\u00e9rie downtown Loin du clich\u00e9 du mat\u00e9riau dur, rugueux et froid, le ciment apporte fra\u00eecheur et modernit\u00e9. Downtown est la collection de Carmen qui part de cette id\u00e9e et introduit le ciment dans la sph\u00e8re priv\u00e9e. Le r\u00e9sultat est une belle collection qui, fusionn\u00e9e avec le craquel\u00e9 de la c\u00e9ramique traditionnelle, transmet une sensation d&#8217;espace et de luminosit\u00e9 dans chacune de ses pi\u00e8ces. Ses couleurs conf\u00e8rent une \u00e9l\u00e9gance moderne et m\u00e9tropolitaine \u00e0 cette s\u00e9rie de petit format.   <\/p>","protected":false},"excerpt":{"rendered":"<p>La s\u00e9rie downtown Loin du clich\u00e9 du mat\u00e9riau dur, rugueux et froid, le ciment apporte fra\u00eecheur et modernit\u00e9. Downtown est la collection de Carmen qui part de cette id\u00e9e et introduit le ciment dans la sph\u00e8re priv\u00e9e. Le r\u00e9sultat est une belle collection qui, fusionn\u00e9e avec le craquel\u00e9 de la c\u00e9ramique traditionnelle, transmet une sensation [&hellip;]<\/p>\n","protected":false},"featured_media":547041,"comment_status":"closed","ping_status":"closed","template":"","meta":[],"product_brand":[],"product_cat":[353,355,356,354],"product_tag":[],"class_list":{"0":"post-547487","1":"product","2":"type-product","3":"status-publish","4":"has-post-thumbnail","6":"product_cat-carrelage","7":"product_cat-cuisines","8":"product_cat-faiences","9":"product_cat-carrelage-salle-de-bain","11":"first","12":"instock","13":"shipping-taxable","14":"product-type-grouped"},"_links":{"self":[{"href":"https:\/\/tilefly.com\/fr\/wp-json\/wp\/v2\/product\/547487","targetHints":{"allow":["GET"]}}],"collection":[{"href":"https:\/\/tilefly.com\/fr\/wp-json\/wp\/v2\/product"}],"about":[{"href":"https:\/\/tilefly.com\/fr\/wp-json\/wp\/v2\/types\/product"}],"replies":[{"embeddable":true,"href":"https:\/\/tilefly.com\/fr\/wp-json\/wp\/v2\/comments?post=547487"}],"wp:featuredmedia":[{"embeddable":true,"href":"https:\/\/tilefly.com\/fr\/wp-json\/wp\/v2\/media\/547041"}],"wp:attachment":[{"href":"https:\/\/tilefly.com\/fr\/wp-json\/wp\/v2\/media?parent=547487"}],"wp:term":[{"taxonomy":"product_brand","embeddable":true,"href":"https:\/\/tilefly.com\/fr\/wp-json\/wp\/v2\/product_brand?post=547487"},{"taxonomy":"product_cat","embeddable":true,"href":"https:\/\/tilefly.com\/fr\/wp-json\/wp\/v2\/product_cat?post=547487"},{"taxonomy":"product_tag","embeddable":true,"href":"https:\/\/tilefly.com\/fr\/wp-json\/wp\/v2\/product_tag?post=547487"}],"curies":[{"name":"wp","href":"https:\/\/api.w.org\/{rel}","templated":true}]}}