{"id":545629,"date":"2024-11-14T20:01:17","date_gmt":"2024-11-14T19:01:17","guid":{"rendered":"https:\/\/tilefly.com\/producto\/rambla-ash-20x60\/"},"modified":"2024-11-14T20:31:45","modified_gmt":"2024-11-14T19:31:45","slug":"rambla-ash-20x60","status":"publish","type":"product","link":"https:\/\/tilefly.com\/fr\/produit\/rambla-ash-20x60\/","title":{"rendered":"RAMBLA ASH 20X60"},"content":{"rendered":"<h2><strong>ASH WADI 20X60<\/strong><\/h2><p>La <em>Rambla Ash 20X60<\/em> est une Fa\u00efence murale grise qui transmet la sobri\u00e9t\u00e9 et l&#8217;\u00e9l\u00e9gance de Barcelone. Avec une finition mate et un style imitation ciment, cette pi\u00e8ce en p\u00e2te rouge s&#8217;adapte parfaitement aux espaces contemporains et minimalistes, en apportant une atmosph\u00e8re sereine. <\/p><p>Son ton gris apporte profondeur et sophistication, id\u00e9al pour ceux qui recherchent un design urbain intemporel. Inspir\u00e9 par l&#8217;essence de Barcelone et son architecture unique, <em>Rambla Ash<\/em> fait partie d&#8217;une s\u00e9rie qui honore la vie urbaine avec une touche artistique. Pour en savoir plus, consultez la <a href=\"https:\/\/tilefly.com\/producto\/rambla\/\">s\u00e9rie Rambla<\/a>.  <\/p>","protected":false},"excerpt":{"rendered":"<p>ASH WADI 20X60La Rambla Ash 20X60 est une Fa\u00efence murale grise qui transmet la sobri\u00e9t\u00e9 et l&#8217;\u00e9l\u00e9gance de Barcelone. Avec une finition mate et un style imitation ciment, cette pi\u00e8ce en p\u00e2te rouge s&#8217;adapte parfaitement aux espaces contemporains et minimalistes, en apportant une atmosph\u00e8re sereine. Son ton gris apporte profondeur et sophistication, id\u00e9al pour ceux [&hellip;]<\/p>\n","protected":false},"featured_media":544101,"comment_status":"open","ping_status":"closed","template":"","meta":[],"product_brand":[],"product_cat":[355,356,354],"product_tag":[],"class_list":{"0":"post-545629","1":"product","2":"type-product","3":"status-publish","4":"has-post-thumbnail","6":"product_cat-cuisines","7":"product_cat-faiences","8":"product_cat-carrelage-salle-de-bain","10":"first","11":"instock","12":"shipping-taxable","13":"purchasable","14":"product-type-simple"},"_links":{"self":[{"href":"https:\/\/tilefly.com\/fr\/wp-json\/wp\/v2\/product\/545629","targetHints":{"allow":["GET"]}}],"collection":[{"href":"https:\/\/tilefly.com\/fr\/wp-json\/wp\/v2\/product"}],"about":[{"href":"https:\/\/tilefly.com\/fr\/wp-json\/wp\/v2\/types\/product"}],"replies":[{"embeddable":true,"href":"https:\/\/tilefly.com\/fr\/wp-json\/wp\/v2\/comments?post=545629"}],"wp:featuredmedia":[{"embeddable":true,"href":"https:\/\/tilefly.com\/fr\/wp-json\/wp\/v2\/media\/544101"}],"wp:attachment":[{"href":"https:\/\/tilefly.com\/fr\/wp-json\/wp\/v2\/media?parent=545629"}],"wp:term":[{"taxonomy":"product_brand","embeddable":true,"href":"https:\/\/tilefly.com\/fr\/wp-json\/wp\/v2\/product_brand?post=545629"},{"taxonomy":"product_cat","embeddable":true,"href":"https:\/\/tilefly.com\/fr\/wp-json\/wp\/v2\/product_cat?post=545629"},{"taxonomy":"product_tag","embeddable":true,"href":"https:\/\/tilefly.com\/fr\/wp-json\/wp\/v2\/product_tag?post=545629"}],"curies":[{"name":"wp","href":"https:\/\/api.w.org\/{rel}","templated":true}]}}