{"id":545628,"date":"2024-11-14T20:19:05","date_gmt":"2024-11-14T19:19:05","guid":{"rendered":"https:\/\/tilefly.com\/producto\/reef-ocher-rect-60x60\/"},"modified":"2024-11-14T20:31:11","modified_gmt":"2024-11-14T19:31:11","slug":"reef-ocher-rect-60x60","status":"publish","type":"product","link":"https:\/\/tilefly.com\/fr\/produit\/reef-ocher-rect-60x60\/","title":{"rendered":"REEF OCHER RECT 60X60"},"content":{"rendered":"<h2><strong>REEF OCHER RECT 60X60<\/strong><\/h2><p>Le <em>Reef Ocher Rect 60X60<\/em> en marron combine une finition mate et des propri\u00e9t\u00e9s antid\u00e9rapantes, id\u00e9ales pour cr\u00e9er des espaces s\u00fbrs et accueillants. Inspir\u00e9 par les tons chauds de la terre, ce gr\u00e8s c\u00e9rame \u00e0 effet m\u00e9tallique apporte un style rustique et \u00e9l\u00e9gant \u00e0 tous les environnements. <\/p><p>D\u00e9couvrez d&#8217;autres options de la <a href=\"https:\/\/tilefly.com\/producto\/reef\/\">s\u00e9rie Reef<\/a> et apportez la chaleur de la nature \u00e0 vos sols.<\/p>","protected":false},"excerpt":{"rendered":"<p>REEF OCHER RECT 60X60Le Reef Ocher Rect 60X60 en marron combine une finition mate et des propri\u00e9t\u00e9s antid\u00e9rapantes, id\u00e9ales pour cr\u00e9er des espaces s\u00fbrs et accueillants. Inspir\u00e9 par les tons chauds de la terre, ce gr\u00e8s c\u00e9rame \u00e0 effet m\u00e9tallique apporte un style rustique et \u00e9l\u00e9gant \u00e0 tous les environnements. D\u00e9couvrez d&#8217;autres options de la [&hellip;]<\/p>\n","protected":false},"featured_media":545260,"comment_status":"open","ping_status":"closed","template":"","meta":[],"product_brand":[],"product_cat":[353,355,356,354],"product_tag":[],"class_list":{"0":"post-545628","1":"product","2":"type-product","3":"status-publish","4":"has-post-thumbnail","6":"product_cat-carrelage","7":"product_cat-cuisines","8":"product_cat-faiences","9":"product_cat-carrelage-salle-de-bain","11":"first","12":"instock","13":"shipping-taxable","14":"purchasable","15":"product-type-simple"},"_links":{"self":[{"href":"https:\/\/tilefly.com\/fr\/wp-json\/wp\/v2\/product\/545628","targetHints":{"allow":["GET"]}}],"collection":[{"href":"https:\/\/tilefly.com\/fr\/wp-json\/wp\/v2\/product"}],"about":[{"href":"https:\/\/tilefly.com\/fr\/wp-json\/wp\/v2\/types\/product"}],"replies":[{"embeddable":true,"href":"https:\/\/tilefly.com\/fr\/wp-json\/wp\/v2\/comments?post=545628"}],"wp:featuredmedia":[{"embeddable":true,"href":"https:\/\/tilefly.com\/fr\/wp-json\/wp\/v2\/media\/545260"}],"wp:attachment":[{"href":"https:\/\/tilefly.com\/fr\/wp-json\/wp\/v2\/media?parent=545628"}],"wp:term":[{"taxonomy":"product_brand","embeddable":true,"href":"https:\/\/tilefly.com\/fr\/wp-json\/wp\/v2\/product_brand?post=545628"},{"taxonomy":"product_cat","embeddable":true,"href":"https:\/\/tilefly.com\/fr\/wp-json\/wp\/v2\/product_cat?post=545628"},{"taxonomy":"product_tag","embeddable":true,"href":"https:\/\/tilefly.com\/fr\/wp-json\/wp\/v2\/product_tag?post=545628"}],"curies":[{"name":"wp","href":"https:\/\/api.w.org\/{rel}","templated":true}]}}