{"id":545617,"date":"2024-11-14T20:18:38","date_gmt":"2024-11-14T19:18:38","guid":{"rendered":"https:\/\/tilefly.com\/producto\/reef-aquamarine-honed-rect-120x120\/"},"modified":"2024-11-14T20:30:49","modified_gmt":"2024-11-14T19:30:49","slug":"reef-aquamarine-honed-rect-120x120","status":"publish","type":"product","link":"https:\/\/tilefly.com\/fr\/produit\/reef-aquamarine-honed-rect-120x120\/","title":{"rendered":"REEF AQUAMARINE HONED RECT 120X120"},"content":{"rendered":"<h2><strong>REEF AQUAMARINE HONED RECT 120X120<\/strong><\/h2><p>Le <em>Reef Aquamarine Honed Rect 120X120<\/em> en ton aqua est une pi\u00e8ce de grand format avec une finition lapado qui se distingue par sa fra\u00eecheur et sa sophistication. Avec un effet m\u00e9tallique qui \u00e9voque les reflets de l&#8217;oc\u00e9an, cette gr\u00e8s c\u00e9rame transforme n&#8217;importe quel environnement en un espace plein de vitalit\u00e9 et d&#8217;\u00e9l\u00e9gance. <\/p><p>Il fait partie de la <a href=\"https:\/\/tilefly.com\/producto\/reef\/\">s\u00e9rie Reef<\/a>, une collection inspir\u00e9e par des couleurs intenses et des reliefs r\u00e9alis\u00e9s \u00e0 la main qui capturent l&#8217;essence des paysages marins.<\/p>","protected":false},"excerpt":{"rendered":"<p>REEF AQUAMARINE HONED RECT 120X120Le Reef Aquamarine Honed Rect 120X120 en ton aqua est une pi\u00e8ce de grand format avec une finition lapado qui se distingue par sa fra\u00eecheur et sa sophistication. Avec un effet m\u00e9tallique qui \u00e9voque les reflets de l&#8217;oc\u00e9an, cette gr\u00e8s c\u00e9rame transforme n&#8217;importe quel environnement en un espace plein de vitalit\u00e9 [&hellip;]<\/p>\n","protected":false},"featured_media":545196,"comment_status":"open","ping_status":"closed","template":"","meta":[],"product_brand":[],"product_cat":[353,355,356,354],"product_tag":[],"class_list":{"0":"post-545617","1":"product","2":"type-product","3":"status-publish","4":"has-post-thumbnail","6":"product_cat-carrelage","7":"product_cat-cuisines","8":"product_cat-faiences","9":"product_cat-carrelage-salle-de-bain","11":"first","12":"instock","13":"shipping-taxable","14":"purchasable","15":"product-type-simple"},"_links":{"self":[{"href":"https:\/\/tilefly.com\/fr\/wp-json\/wp\/v2\/product\/545617","targetHints":{"allow":["GET"]}}],"collection":[{"href":"https:\/\/tilefly.com\/fr\/wp-json\/wp\/v2\/product"}],"about":[{"href":"https:\/\/tilefly.com\/fr\/wp-json\/wp\/v2\/types\/product"}],"replies":[{"embeddable":true,"href":"https:\/\/tilefly.com\/fr\/wp-json\/wp\/v2\/comments?post=545617"}],"wp:featuredmedia":[{"embeddable":true,"href":"https:\/\/tilefly.com\/fr\/wp-json\/wp\/v2\/media\/545196"}],"wp:attachment":[{"href":"https:\/\/tilefly.com\/fr\/wp-json\/wp\/v2\/media?parent=545617"}],"wp:term":[{"taxonomy":"product_brand","embeddable":true,"href":"https:\/\/tilefly.com\/fr\/wp-json\/wp\/v2\/product_brand?post=545617"},{"taxonomy":"product_cat","embeddable":true,"href":"https:\/\/tilefly.com\/fr\/wp-json\/wp\/v2\/product_cat?post=545617"},{"taxonomy":"product_tag","embeddable":true,"href":"https:\/\/tilefly.com\/fr\/wp-json\/wp\/v2\/product_tag?post=545617"}],"curies":[{"name":"wp","href":"https:\/\/api.w.org\/{rel}","templated":true}]}}