{"id":545613,"date":"2024-11-14T20:17:52","date_gmt":"2024-11-14T19:17:52","guid":{"rendered":"https:\/\/tilefly.com\/producto\/reef-aquamarine-rect-60x120\/"},"modified":"2024-11-14T20:30:46","modified_gmt":"2024-11-14T19:30:46","slug":"reef-aquamarine-rect-60x120","status":"publish","type":"product","link":"https:\/\/tilefly.com\/fr\/produit\/reef-aquamarine-rect-60x120\/","title":{"rendered":"REEF AQUAMARINE RECT 60X120"},"content":{"rendered":"<h2><strong>REEF AQUAMARINE RECT 60X120<\/strong><\/h2><p><em>Reef Aquamarine Rect 60X120<\/em> en aqua est un carrelage de sol en porcelaine qui \u00e9voque la fra\u00eecheur de l&#8217;oc\u00e9an. Avec une finition mate et des propri\u00e9t\u00e9s antid\u00e9rapantes, cette pi\u00e8ce est id\u00e9ale pour les zones \u00e0 fort trafic ou les espaces ext\u00e9rieurs. Son effet m\u00e9tallique subtil ajoute une touche de sophistication, parfaite pour les espaces modernes.  <\/p><p>D\u00e9couvrez la <a href=\"https:\/\/tilefly.com\/producto\/reef\/\">s\u00e9rie Reef<\/a> et transformez votre espace en une retraite c\u00f4ti\u00e8re gr\u00e2ce \u00e0 ce design unique.<\/p>","protected":false},"excerpt":{"rendered":"<p>REEF AQUAMARINE RECT 60X120Reef Aquamarine Rect 60X120 en aqua est un carrelage de sol en porcelaine qui \u00e9voque la fra\u00eecheur de l&#8217;oc\u00e9an. Avec une finition mate et des propri\u00e9t\u00e9s antid\u00e9rapantes, cette pi\u00e8ce est id\u00e9ale pour les zones \u00e0 fort trafic ou les espaces ext\u00e9rieurs. Son effet m\u00e9tallique subtil ajoute une touche de sophistication, parfaite pour [&hellip;]<\/p>\n","protected":false},"featured_media":545144,"comment_status":"open","ping_status":"closed","template":"","meta":[],"product_brand":[],"product_cat":[353,355,356,354],"product_tag":[],"class_list":{"0":"post-545613","1":"product","2":"type-product","3":"status-publish","4":"has-post-thumbnail","6":"product_cat-carrelage","7":"product_cat-cuisines","8":"product_cat-faiences","9":"product_cat-carrelage-salle-de-bain","11":"first","12":"instock","13":"shipping-taxable","14":"purchasable","15":"product-type-simple"},"_links":{"self":[{"href":"https:\/\/tilefly.com\/fr\/wp-json\/wp\/v2\/product\/545613","targetHints":{"allow":["GET"]}}],"collection":[{"href":"https:\/\/tilefly.com\/fr\/wp-json\/wp\/v2\/product"}],"about":[{"href":"https:\/\/tilefly.com\/fr\/wp-json\/wp\/v2\/types\/product"}],"replies":[{"embeddable":true,"href":"https:\/\/tilefly.com\/fr\/wp-json\/wp\/v2\/comments?post=545613"}],"wp:featuredmedia":[{"embeddable":true,"href":"https:\/\/tilefly.com\/fr\/wp-json\/wp\/v2\/media\/545144"}],"wp:attachment":[{"href":"https:\/\/tilefly.com\/fr\/wp-json\/wp\/v2\/media?parent=545613"}],"wp:term":[{"taxonomy":"product_brand","embeddable":true,"href":"https:\/\/tilefly.com\/fr\/wp-json\/wp\/v2\/product_brand?post=545613"},{"taxonomy":"product_cat","embeddable":true,"href":"https:\/\/tilefly.com\/fr\/wp-json\/wp\/v2\/product_cat?post=545613"},{"taxonomy":"product_tag","embeddable":true,"href":"https:\/\/tilefly.com\/fr\/wp-json\/wp\/v2\/product_tag?post=545613"}],"curies":[{"name":"wp","href":"https:\/\/api.w.org\/{rel}","templated":true}]}}