{"id":545611,"date":"2024-11-14T20:17:44","date_gmt":"2024-11-14T19:17:44","guid":{"rendered":"https:\/\/tilefly.com\/producto\/reef-corten-honed-rect-60x120\/"},"modified":"2024-11-14T20:30:43","modified_gmt":"2024-11-14T19:30:43","slug":"reef-corten-honed-rect-60x120","status":"publish","type":"product","link":"https:\/\/tilefly.com\/fr\/produit\/reef-corten-honed-rect-60x120\/","title":{"rendered":"REEF CORTEN HONED RECT 60X120"},"content":{"rendered":"<h2><strong>REEF CORTEN HONED RECT 60X120<\/strong><\/h2><p><em>Reef Corten Honed Rect 60X120<\/em> est un carreau de sol en porcelaine avec un effet m\u00e9tallique \u00e9tonnant dans un ton brun, mis en valeur par sa finition lapado. Cette pi\u00e8ce capture l&#8217;essence de la rouille et de la terre, apportant une esth\u00e9tique sophistiqu\u00e9e et rustique \u00e0 n&#8217;importe quel environnement. <\/p><p>Faisant partie de la <a href=\"https:\/\/tilefly.com\/producto\/reef\/\">s\u00e9rie Reef<\/a>, ce design est id\u00e9al pour ceux qui veulent un d\u00e9cor inspir\u00e9 par les paysages naturels et une finition artisanale qui ajoute de la profondeur et du caract\u00e8re aux espaces.<\/p>","protected":false},"excerpt":{"rendered":"<p>REEF CORTEN HONED RECT 60X120Reef Corten Honed Rect 60X120 est un carreau de sol en porcelaine avec un effet m\u00e9tallique \u00e9tonnant dans un ton brun, mis en valeur par sa finition lapado. Cette pi\u00e8ce capture l&#8217;essence de la rouille et de la terre, apportant une esth\u00e9tique sophistiqu\u00e9e et rustique \u00e0 n&#8217;importe quel environnement. Faisant partie [&hellip;]<\/p>\n","protected":false},"featured_media":545118,"comment_status":"open","ping_status":"closed","template":"","meta":[],"product_brand":[],"product_cat":[353,355,356,354],"product_tag":[],"class_list":{"0":"post-545611","1":"product","2":"type-product","3":"status-publish","4":"has-post-thumbnail","6":"product_cat-carrelage","7":"product_cat-cuisines","8":"product_cat-faiences","9":"product_cat-carrelage-salle-de-bain","11":"first","12":"instock","13":"shipping-taxable","14":"purchasable","15":"product-type-simple"},"_links":{"self":[{"href":"https:\/\/tilefly.com\/fr\/wp-json\/wp\/v2\/product\/545611","targetHints":{"allow":["GET"]}}],"collection":[{"href":"https:\/\/tilefly.com\/fr\/wp-json\/wp\/v2\/product"}],"about":[{"href":"https:\/\/tilefly.com\/fr\/wp-json\/wp\/v2\/types\/product"}],"replies":[{"embeddable":true,"href":"https:\/\/tilefly.com\/fr\/wp-json\/wp\/v2\/comments?post=545611"}],"wp:featuredmedia":[{"embeddable":true,"href":"https:\/\/tilefly.com\/fr\/wp-json\/wp\/v2\/media\/545118"}],"wp:attachment":[{"href":"https:\/\/tilefly.com\/fr\/wp-json\/wp\/v2\/media?parent=545611"}],"wp:term":[{"taxonomy":"product_brand","embeddable":true,"href":"https:\/\/tilefly.com\/fr\/wp-json\/wp\/v2\/product_brand?post=545611"},{"taxonomy":"product_cat","embeddable":true,"href":"https:\/\/tilefly.com\/fr\/wp-json\/wp\/v2\/product_cat?post=545611"},{"taxonomy":"product_tag","embeddable":true,"href":"https:\/\/tilefly.com\/fr\/wp-json\/wp\/v2\/product_tag?post=545611"}],"curies":[{"name":"wp","href":"https:\/\/api.w.org\/{rel}","templated":true}]}}