{"id":545606,"date":"2024-11-14T20:17:48","date_gmt":"2024-11-14T19:17:48","guid":{"rendered":"https:\/\/tilefly.com\/producto\/reef-white-rect-60x120\/"},"modified":"2024-11-14T20:30:41","modified_gmt":"2024-11-14T19:30:41","slug":"reef-white-rect-60x120","status":"publish","type":"product","link":"https:\/\/tilefly.com\/fr\/produit\/reef-white-rect-60x120\/","title":{"rendered":"REEF WHITE RECT 60X120"},"content":{"rendered":"<h2><strong>REEF WHITE RECT 60X120<\/strong><\/h2><p><em>Reef White Rect 60X120<\/em> est un gr\u00e8s c\u00e9rame de sol au ton blanc qui se distingue par sa finition mate et ses propri\u00e9t\u00e9s antid\u00e9rapantes, id\u00e9al pour les espaces \u00e0 fort trafic ou les zones humides. Avec un subtil effet m\u00e9tallique, cette pi\u00e8ce apporte lumi\u00e8re et \u00e9l\u00e9gance, rappelant la s\u00e9r\u00e9nit\u00e9 des paysages c\u00f4tiers. <\/p><p>Faisant partie de la <a href=\"https:\/\/tilefly.com\/producto\/reef\/\">s\u00e9rie Reef<\/a>, ce design transforme les espaces en environnements modernes et s\u00fbrs, parfaits pour ceux qui recherchent un style naturel et fonctionnel.<\/p>","protected":false},"excerpt":{"rendered":"<p>REEF WHITE RECT 60X120Reef White Rect 60X120 est un gr\u00e8s c\u00e9rame de sol au ton blanc qui se distingue par sa finition mate et ses propri\u00e9t\u00e9s antid\u00e9rapantes, id\u00e9al pour les espaces \u00e0 fort trafic ou les zones humides. Avec un subtil effet m\u00e9tallique, cette pi\u00e8ce apporte lumi\u00e8re et \u00e9l\u00e9gance, rappelant la s\u00e9r\u00e9nit\u00e9 des paysages c\u00f4tiers. [&hellip;]<\/p>\n","protected":false},"featured_media":545131,"comment_status":"open","ping_status":"closed","template":"","meta":[],"product_brand":[],"product_cat":[353,355,356,354],"product_tag":[],"class_list":{"0":"post-545606","1":"product","2":"type-product","3":"status-publish","4":"has-post-thumbnail","6":"product_cat-carrelage","7":"product_cat-cuisines","8":"product_cat-faiences","9":"product_cat-carrelage-salle-de-bain","11":"first","12":"outofstock","13":"shipping-taxable","14":"purchasable","15":"product-type-simple"},"_links":{"self":[{"href":"https:\/\/tilefly.com\/fr\/wp-json\/wp\/v2\/product\/545606","targetHints":{"allow":["GET"]}}],"collection":[{"href":"https:\/\/tilefly.com\/fr\/wp-json\/wp\/v2\/product"}],"about":[{"href":"https:\/\/tilefly.com\/fr\/wp-json\/wp\/v2\/types\/product"}],"replies":[{"embeddable":true,"href":"https:\/\/tilefly.com\/fr\/wp-json\/wp\/v2\/comments?post=545606"}],"wp:featuredmedia":[{"embeddable":true,"href":"https:\/\/tilefly.com\/fr\/wp-json\/wp\/v2\/media\/545131"}],"wp:attachment":[{"href":"https:\/\/tilefly.com\/fr\/wp-json\/wp\/v2\/media?parent=545606"}],"wp:term":[{"taxonomy":"product_brand","embeddable":true,"href":"https:\/\/tilefly.com\/fr\/wp-json\/wp\/v2\/product_brand?post=545606"},{"taxonomy":"product_cat","embeddable":true,"href":"https:\/\/tilefly.com\/fr\/wp-json\/wp\/v2\/product_cat?post=545606"},{"taxonomy":"product_tag","embeddable":true,"href":"https:\/\/tilefly.com\/fr\/wp-json\/wp\/v2\/product_tag?post=545606"}],"curies":[{"name":"wp","href":"https:\/\/api.w.org\/{rel}","templated":true}]}}