{"id":545591,"date":"2024-11-14T20:14:35","date_gmt":"2024-11-14T19:30:24","guid":{"rendered":"https:\/\/tilefly.com\/producto\/raw\/"},"modified":"2024-11-14T20:30:24","modified_gmt":"2024-11-14T19:30:24","slug":"raw","status":"publish","type":"product","link":"https:\/\/tilefly.com\/fr\/produit\/raw\/","title":{"rendered":"Raw"},"content":{"rendered":"<h2>S\u00e9rie brute<br \/><\/h2><p>Le brut est une tendance d\u00e9corative qui met l&#8217;accent sur la s\u00e9lection de mat\u00e9riaux naturels pour la d\u00e9coration d&#8217;int\u00e9rieur. Un style qui pr\u00e9serve l&#8217;essence et l&#8217;apparence des mat\u00e9riaux \u00e0 l&#8217;\u00e9tat naturel. Le brut est une tendance pr\u00eate \u00e0 resignifier les espaces. Le bois, le ciment, la rouille, les couleurs neutres et les reliefs doux ne sont qu&#8217;un \u00e9chantillon de ce que Raw a \u00e0 offrir, ainsi que l&#8217;incorporation d&#8217;une nouvelle d\u00e9coration florale -Polan-, qui pr\u00e9sente un total de six graphiques avec une continuit\u00e9 entre eux.<\/p>","protected":false},"excerpt":{"rendered":"<p>S\u00e9rie bruteLe brut est une tendance d\u00e9corative qui met l&#8217;accent sur la s\u00e9lection de mat\u00e9riaux naturels pour la d\u00e9coration d&#8217;int\u00e9rieur. Un style qui pr\u00e9serve l&#8217;essence et l&#8217;apparence des mat\u00e9riaux \u00e0 l&#8217;\u00e9tat naturel. Le brut est une tendance pr\u00eate \u00e0 resignifier les espaces. Le bois, le ciment, la rouille, les couleurs neutres et les reliefs doux [&hellip;]<\/p>\n","protected":false},"featured_media":544225,"comment_status":"closed","ping_status":"closed","template":"","meta":[],"product_brand":[],"product_cat":[353,355,356,354,357],"product_tag":[],"class_list":{"0":"post-545591","1":"product","2":"type-product","3":"status-publish","4":"has-post-thumbnail","6":"product_cat-carrelage","7":"product_cat-cuisines","8":"product_cat-faiences","9":"product_cat-carrelage-salle-de-bain","10":"product_cat-carrelage-salon","12":"first","13":"instock","14":"shipping-taxable","15":"product-type-grouped"},"_links":{"self":[{"href":"https:\/\/tilefly.com\/fr\/wp-json\/wp\/v2\/product\/545591","targetHints":{"allow":["GET"]}}],"collection":[{"href":"https:\/\/tilefly.com\/fr\/wp-json\/wp\/v2\/product"}],"about":[{"href":"https:\/\/tilefly.com\/fr\/wp-json\/wp\/v2\/types\/product"}],"replies":[{"embeddable":true,"href":"https:\/\/tilefly.com\/fr\/wp-json\/wp\/v2\/comments?post=545591"}],"wp:featuredmedia":[{"embeddable":true,"href":"https:\/\/tilefly.com\/fr\/wp-json\/wp\/v2\/media\/544225"}],"wp:attachment":[{"href":"https:\/\/tilefly.com\/fr\/wp-json\/wp\/v2\/media?parent=545591"}],"wp:term":[{"taxonomy":"product_brand","embeddable":true,"href":"https:\/\/tilefly.com\/fr\/wp-json\/wp\/v2\/product_brand?post=545591"},{"taxonomy":"product_cat","embeddable":true,"href":"https:\/\/tilefly.com\/fr\/wp-json\/wp\/v2\/product_cat?post=545591"},{"taxonomy":"product_tag","embeddable":true,"href":"https:\/\/tilefly.com\/fr\/wp-json\/wp\/v2\/product_tag?post=545591"}],"curies":[{"name":"wp","href":"https:\/\/api.w.org\/{rel}","templated":true}]}}