{"id":545579,"date":"2024-11-14T20:12:55","date_gmt":"2024-11-14T19:12:55","guid":{"rendered":"https:\/\/tilefly.com\/producto\/spectrum-sahara-75x30\/"},"modified":"2024-11-14T20:30:16","modified_gmt":"2024-11-14T19:30:16","slug":"spectrum-sahara-75x30","status":"publish","type":"product","link":"https:\/\/tilefly.com\/fr\/produit\/spectrum-sahara-75x30\/","title":{"rendered":"SPECTRUM SAHARA 7,5X30"},"content":{"rendered":"<h2><strong>SPECTRE SAHARA 7,5X30<\/strong><\/h2><p>Le <em>Spectrum Sahara 7,5X30<\/em> en jaune est un carrelage en p\u00e2te blanche avec une finition brillante et un design d\u00e9coratif, id\u00e9al pour ajouter de l&#8217;\u00e9clat et du style \u00e0 n&#8217;importe quel espace. Cette pi\u00e8ce de style m\u00e9tro est parfaite pour cr\u00e9er des combinaisons vibrantes. <\/p><p>D\u00e9couvrez-en plus dans la <a href=\"https:\/\/tilefly.com\/producto\/reality\/\">s\u00e9rie Reality<\/a> et transformez vos murs avec une touche unique et color\u00e9e.<\/p>","protected":false},"excerpt":{"rendered":"<p>SPECTRE SAHARA 7,5X30Le Spectrum Sahara 7,5X30 en jaune est un carrelage en p\u00e2te blanche avec une finition brillante et un design d\u00e9coratif, id\u00e9al pour ajouter de l&#8217;\u00e9clat et du style \u00e0 n&#8217;importe quel espace. Cette pi\u00e8ce de style m\u00e9tro est parfaite pour cr\u00e9er des combinaisons vibrantes. D\u00e9couvrez-en plus dans la s\u00e9rie Reality et transformez vos [&hellip;]<\/p>\n","protected":false},"featured_media":545026,"comment_status":"open","ping_status":"closed","template":"","meta":[],"product_brand":[],"product_cat":[355,356,354],"product_tag":[],"class_list":{"0":"post-545579","1":"product","2":"type-product","3":"status-publish","4":"has-post-thumbnail","6":"product_cat-cuisines","7":"product_cat-faiences","8":"product_cat-carrelage-salle-de-bain","10":"first","11":"outofstock","12":"shipping-taxable","13":"purchasable","14":"product-type-simple"},"_links":{"self":[{"href":"https:\/\/tilefly.com\/fr\/wp-json\/wp\/v2\/product\/545579","targetHints":{"allow":["GET"]}}],"collection":[{"href":"https:\/\/tilefly.com\/fr\/wp-json\/wp\/v2\/product"}],"about":[{"href":"https:\/\/tilefly.com\/fr\/wp-json\/wp\/v2\/types\/product"}],"replies":[{"embeddable":true,"href":"https:\/\/tilefly.com\/fr\/wp-json\/wp\/v2\/comments?post=545579"}],"wp:featuredmedia":[{"embeddable":true,"href":"https:\/\/tilefly.com\/fr\/wp-json\/wp\/v2\/media\/545026"}],"wp:attachment":[{"href":"https:\/\/tilefly.com\/fr\/wp-json\/wp\/v2\/media?parent=545579"}],"wp:term":[{"taxonomy":"product_brand","embeddable":true,"href":"https:\/\/tilefly.com\/fr\/wp-json\/wp\/v2\/product_brand?post=545579"},{"taxonomy":"product_cat","embeddable":true,"href":"https:\/\/tilefly.com\/fr\/wp-json\/wp\/v2\/product_cat?post=545579"},{"taxonomy":"product_tag","embeddable":true,"href":"https:\/\/tilefly.com\/fr\/wp-json\/wp\/v2\/product_tag?post=545579"}],"curies":[{"name":"wp","href":"https:\/\/api.w.org\/{rel}","templated":true}]}}