{"id":545534,"date":"2024-11-14T20:05:43","date_gmt":"2024-11-14T19:05:43","guid":{"rendered":"https:\/\/tilefly.com\/producto\/lattice-toasted-rect-30x90\/"},"modified":"2024-11-14T20:29:33","modified_gmt":"2024-11-14T19:29:33","slug":"lattice-toasted-rect-30x90","status":"publish","type":"product","link":"https:\/\/tilefly.com\/fr\/produit\/lattice-toasted-rect-30x90\/","title":{"rendered":"LATTICE TOASTED RECT 30X90"},"content":{"rendered":"<h2><strong>TREILLIS GRILL\u00c9 RECT 30X90<\/strong><\/h2><p><em>Lattice Toasted Rect 30X90<\/em> est un carrelage mural de tonalit\u00e9 beige qui allie la texture lisse d&#8217;une finition mate \u00e0 un design semblable \u00e0 celui du ciment. Id\u00e9al pour les int\u00e9rieurs \u00e0 la recherche d&#8217;une esth\u00e9tique chaleureuse et moderne, ce carrelage en p\u00e2te blanche se distingue par son naturel. <\/p><p>D\u00e9couvrez ce produit et les autres produits de la <a href=\"https:\/\/tilefly.com\/producto\/raw\/\">s\u00e9rie Raw<\/a> et ajoutez une touche d&#8217;authenticit\u00e9 \u00e0 vos espaces.<\/p>","protected":false},"excerpt":{"rendered":"<p>TREILLIS GRILL\u00c9 RECT 30X90Lattice Toasted Rect 30X90 est un carrelage mural de tonalit\u00e9 beige qui allie la texture lisse d&#8217;une finition mate \u00e0 un design semblable \u00e0 celui du ciment. Id\u00e9al pour les int\u00e9rieurs \u00e0 la recherche d&#8217;une esth\u00e9tique chaleureuse et moderne, ce carrelage en p\u00e2te blanche se distingue par son naturel. D\u00e9couvrez ce produit [&hellip;]<\/p>\n","protected":false},"featured_media":544531,"comment_status":"open","ping_status":"closed","template":"","meta":[],"product_brand":[],"product_cat":[355,356,354],"product_tag":[],"class_list":{"0":"post-545534","1":"product","2":"type-product","3":"status-publish","4":"has-post-thumbnail","6":"product_cat-cuisines","7":"product_cat-faiences","8":"product_cat-carrelage-salle-de-bain","10":"first","11":"instock","12":"shipping-taxable","13":"purchasable","14":"product-type-simple"},"_links":{"self":[{"href":"https:\/\/tilefly.com\/fr\/wp-json\/wp\/v2\/product\/545534","targetHints":{"allow":["GET"]}}],"collection":[{"href":"https:\/\/tilefly.com\/fr\/wp-json\/wp\/v2\/product"}],"about":[{"href":"https:\/\/tilefly.com\/fr\/wp-json\/wp\/v2\/types\/product"}],"replies":[{"embeddable":true,"href":"https:\/\/tilefly.com\/fr\/wp-json\/wp\/v2\/comments?post=545534"}],"wp:featuredmedia":[{"embeddable":true,"href":"https:\/\/tilefly.com\/fr\/wp-json\/wp\/v2\/media\/544531"}],"wp:attachment":[{"href":"https:\/\/tilefly.com\/fr\/wp-json\/wp\/v2\/media?parent=545534"}],"wp:term":[{"taxonomy":"product_brand","embeddable":true,"href":"https:\/\/tilefly.com\/fr\/wp-json\/wp\/v2\/product_brand?post=545534"},{"taxonomy":"product_cat","embeddable":true,"href":"https:\/\/tilefly.com\/fr\/wp-json\/wp\/v2\/product_cat?post=545534"},{"taxonomy":"product_tag","embeddable":true,"href":"https:\/\/tilefly.com\/fr\/wp-json\/wp\/v2\/product_tag?post=545534"}],"curies":[{"name":"wp","href":"https:\/\/api.w.org\/{rel}","templated":true}]}}