{"id":545527,"date":"2024-11-14T20:05:20","date_gmt":"2024-11-14T19:05:20","guid":{"rendered":"https:\/\/tilefly.com\/producto\/raw-cotton-smooth-rect-60x60\/"},"modified":"2024-11-14T20:29:27","modified_gmt":"2024-11-14T19:29:27","slug":"raw-cotton-smooth-rect-60x60","status":"publish","type":"product","link":"https:\/\/tilefly.com\/fr\/produit\/raw-cotton-smooth-rect-60x60\/","title":{"rendered":"RAW COTTON SMOOTH RECT 60X60"},"content":{"rendered":"<h2><strong>COTON BRUT LISSE RECT 60X60<\/strong><\/h2><p><em>Raw Cotton Smooth Rect 60X60<\/em> en gris est un carreau de sol en gr\u00e8s c\u00e9rame qui combine une finition mate et un design imitation ciment. Cette pi\u00e8ce est id\u00e9ale pour ceux qui cherchent \u00e0 cr\u00e9er une atmosph\u00e8re sobre et \u00e9l\u00e9gante, avec une touche de modernit\u00e9 et de naturel. <\/p><p>D\u00e9couvrez ce mod\u00e8le et d&#8217;autres de la <a href=\"https:\/\/tilefly.com\/producto\/raw\/\">s\u00e9rie Raw<\/a>, une collection qui met l&#8217;accent sur les mat\u00e9riaux essentiels.<\/p>","protected":false},"excerpt":{"rendered":"<p>COTON BRUT LISSE RECT 60X60Raw Cotton Smooth Rect 60X60 en gris est un carreau de sol en gr\u00e8s c\u00e9rame qui combine une finition mate et un design imitation ciment. Cette pi\u00e8ce est id\u00e9ale pour ceux qui cherchent \u00e0 cr\u00e9er une atmosph\u00e8re sobre et \u00e9l\u00e9gante, avec une touche de modernit\u00e9 et de naturel. D\u00e9couvrez ce mod\u00e8le [&hellip;]<\/p>\n","protected":false},"featured_media":544453,"comment_status":"open","ping_status":"closed","template":"","meta":[],"product_brand":[],"product_cat":[353,355,356,354],"product_tag":[],"class_list":{"0":"post-545527","1":"product","2":"type-product","3":"status-publish","4":"has-post-thumbnail","6":"product_cat-carrelage","7":"product_cat-cuisines","8":"product_cat-faiences","9":"product_cat-carrelage-salle-de-bain","11":"first","12":"instock","13":"shipping-taxable","14":"purchasable","15":"product-type-simple"},"_links":{"self":[{"href":"https:\/\/tilefly.com\/fr\/wp-json\/wp\/v2\/product\/545527","targetHints":{"allow":["GET"]}}],"collection":[{"href":"https:\/\/tilefly.com\/fr\/wp-json\/wp\/v2\/product"}],"about":[{"href":"https:\/\/tilefly.com\/fr\/wp-json\/wp\/v2\/types\/product"}],"replies":[{"embeddable":true,"href":"https:\/\/tilefly.com\/fr\/wp-json\/wp\/v2\/comments?post=545527"}],"wp:featuredmedia":[{"embeddable":true,"href":"https:\/\/tilefly.com\/fr\/wp-json\/wp\/v2\/media\/544453"}],"wp:attachment":[{"href":"https:\/\/tilefly.com\/fr\/wp-json\/wp\/v2\/media?parent=545527"}],"wp:term":[{"taxonomy":"product_brand","embeddable":true,"href":"https:\/\/tilefly.com\/fr\/wp-json\/wp\/v2\/product_brand?post=545527"},{"taxonomy":"product_cat","embeddable":true,"href":"https:\/\/tilefly.com\/fr\/wp-json\/wp\/v2\/product_cat?post=545527"},{"taxonomy":"product_tag","embeddable":true,"href":"https:\/\/tilefly.com\/fr\/wp-json\/wp\/v2\/product_tag?post=545527"}],"curies":[{"name":"wp","href":"https:\/\/api.w.org\/{rel}","templated":true}]}}