{"id":545523,"date":"2024-11-14T20:05:05","date_gmt":"2024-11-14T19:05:05","guid":{"rendered":"https:\/\/tilefly.com\/producto\/raw-naive-smooth-rect-60x60\/"},"modified":"2024-11-14T20:29:24","modified_gmt":"2024-11-14T19:29:24","slug":"raw-naive-smooth-rect-60x60","status":"publish","type":"product","link":"https:\/\/tilefly.com\/fr\/produit\/raw-naive-smooth-rect-60x60\/","title":{"rendered":"RAW NAIVE SMOOTH RECT 60X60"},"content":{"rendered":"<h2><strong>BRUT NA\u00cfF LISSE RECT 60X60<\/strong><\/h2><p><em>Raw Naive Smooth Rect 60X60<\/em> en beige est un carreau de sol en porcelaine avec une finition mate qui refl\u00e8te le naturel des mat\u00e9riaux essentiels. Avec une texture imitation ciment, cette pi\u00e8ce est id\u00e9ale pour ceux qui recherchent un design minimaliste et intemporel, parfait pour cr\u00e9er des atmosph\u00e8res douces et \u00e9l\u00e9gantes. <\/p><p>Faisant partie de la <a href=\"https:\/\/tilefly.com\/producto\/raw\/\">s\u00e9rie Raw<\/a>, ce rev\u00eatement de sol transforme n&#8217;importe quel espace en un environnement sophistiqu\u00e9 qui c\u00e9l\u00e8bre l&#8217;essence de la nature.<\/p>","protected":false},"excerpt":{"rendered":"<p>BRUT NA\u00cfF LISSE RECT 60X60Raw Naive Smooth Rect 60X60 en beige est un carreau de sol en porcelaine avec une finition mate qui refl\u00e8te le naturel des mat\u00e9riaux essentiels. Avec une texture imitation ciment, cette pi\u00e8ce est id\u00e9ale pour ceux qui recherchent un design minimaliste et intemporel, parfait pour cr\u00e9er des atmosph\u00e8res douces et \u00e9l\u00e9gantes. [&hellip;]<\/p>\n","protected":false},"featured_media":544440,"comment_status":"open","ping_status":"closed","template":"","meta":[],"product_brand":[],"product_cat":[353,355,356,354],"product_tag":[],"class_list":{"0":"post-545523","1":"product","2":"type-product","3":"status-publish","4":"has-post-thumbnail","6":"product_cat-carrelage","7":"product_cat-cuisines","8":"product_cat-faiences","9":"product_cat-carrelage-salle-de-bain","11":"first","12":"instock","13":"shipping-taxable","14":"purchasable","15":"product-type-simple"},"_links":{"self":[{"href":"https:\/\/tilefly.com\/fr\/wp-json\/wp\/v2\/product\/545523","targetHints":{"allow":["GET"]}}],"collection":[{"href":"https:\/\/tilefly.com\/fr\/wp-json\/wp\/v2\/product"}],"about":[{"href":"https:\/\/tilefly.com\/fr\/wp-json\/wp\/v2\/types\/product"}],"replies":[{"embeddable":true,"href":"https:\/\/tilefly.com\/fr\/wp-json\/wp\/v2\/comments?post=545523"}],"wp:featuredmedia":[{"embeddable":true,"href":"https:\/\/tilefly.com\/fr\/wp-json\/wp\/v2\/media\/544440"}],"wp:attachment":[{"href":"https:\/\/tilefly.com\/fr\/wp-json\/wp\/v2\/media?parent=545523"}],"wp:term":[{"taxonomy":"product_brand","embeddable":true,"href":"https:\/\/tilefly.com\/fr\/wp-json\/wp\/v2\/product_brand?post=545523"},{"taxonomy":"product_cat","embeddable":true,"href":"https:\/\/tilefly.com\/fr\/wp-json\/wp\/v2\/product_cat?post=545523"},{"taxonomy":"product_tag","embeddable":true,"href":"https:\/\/tilefly.com\/fr\/wp-json\/wp\/v2\/product_tag?post=545523"}],"curies":[{"name":"wp","href":"https:\/\/api.w.org\/{rel}","templated":true}]}}