{"id":545522,"date":"2024-11-14T20:05:28","date_gmt":"2024-11-14T19:05:28","guid":{"rendered":"https:\/\/tilefly.com\/producto\/raw-toasted-smooth-rect-60x60\/"},"modified":"2024-11-14T20:29:24","modified_gmt":"2024-11-14T19:29:24","slug":"raw-toasted-smooth-rect-60x60","status":"publish","type":"product","link":"https:\/\/tilefly.com\/fr\/produit\/raw-toasted-smooth-rect-60x60\/","title":{"rendered":"RAW TOASTED SMOOTH RECT 60X60"},"content":{"rendered":"<h2><strong>CRU GRILL\u00c9 LISSE RECT 60X60<\/strong><\/h2><p>Le carrelage <em>Raw Toasted Smooth Rect 60X60<\/em> dans le ton beige offre une esth\u00e9tique chaleureuse et naturelle pour le rev\u00eatement de sol. Avec sa finition mate et sa texture semblable \u00e0 celle du ciment, ce gr\u00e8s c\u00e9rame est parfait pour ceux qui recherchent un design cosy et \u00e9l\u00e9gant. <\/p><p>D\u00e9couvrez la <a href=\"https:\/\/tilefly.com\/producto\/raw\/\">s\u00e9rie Raw<\/a> et transformez vos espaces avec un style inspir\u00e9 par des mat\u00e9riaux naturels et essentiels.<\/p>","protected":false},"excerpt":{"rendered":"<p>CRU GRILL\u00c9 LISSE RECT 60X60Le carrelage Raw Toasted Smooth Rect 60X60 dans le ton beige offre une esth\u00e9tique chaleureuse et naturelle pour le rev\u00eatement de sol. Avec sa finition mate et sa texture semblable \u00e0 celle du ciment, ce gr\u00e8s c\u00e9rame est parfait pour ceux qui recherchent un design cosy et \u00e9l\u00e9gant. D\u00e9couvrez la s\u00e9rie [&hellip;]<\/p>\n","protected":false},"featured_media":544479,"comment_status":"open","ping_status":"closed","template":"","meta":[],"product_brand":[],"product_cat":[353,355,356,354],"product_tag":[],"class_list":{"0":"post-545522","1":"product","2":"type-product","3":"status-publish","4":"has-post-thumbnail","6":"product_cat-carrelage","7":"product_cat-cuisines","8":"product_cat-faiences","9":"product_cat-carrelage-salle-de-bain","11":"first","12":"instock","13":"shipping-taxable","14":"purchasable","15":"product-type-simple"},"_links":{"self":[{"href":"https:\/\/tilefly.com\/fr\/wp-json\/wp\/v2\/product\/545522","targetHints":{"allow":["GET"]}}],"collection":[{"href":"https:\/\/tilefly.com\/fr\/wp-json\/wp\/v2\/product"}],"about":[{"href":"https:\/\/tilefly.com\/fr\/wp-json\/wp\/v2\/types\/product"}],"replies":[{"embeddable":true,"href":"https:\/\/tilefly.com\/fr\/wp-json\/wp\/v2\/comments?post=545522"}],"wp:featuredmedia":[{"embeddable":true,"href":"https:\/\/tilefly.com\/fr\/wp-json\/wp\/v2\/media\/544479"}],"wp:attachment":[{"href":"https:\/\/tilefly.com\/fr\/wp-json\/wp\/v2\/media?parent=545522"}],"wp:term":[{"taxonomy":"product_brand","embeddable":true,"href":"https:\/\/tilefly.com\/fr\/wp-json\/wp\/v2\/product_brand?post=545522"},{"taxonomy":"product_cat","embeddable":true,"href":"https:\/\/tilefly.com\/fr\/wp-json\/wp\/v2\/product_cat?post=545522"},{"taxonomy":"product_tag","embeddable":true,"href":"https:\/\/tilefly.com\/fr\/wp-json\/wp\/v2\/product_tag?post=545522"}],"curies":[{"name":"wp","href":"https:\/\/api.w.org\/{rel}","templated":true}]}}