{"id":545517,"date":"2024-11-14T20:04:46","date_gmt":"2024-11-14T19:04:46","guid":{"rendered":"https:\/\/tilefly.com\/producto\/polan-mix-naive-rect-30x90\/"},"modified":"2024-11-14T20:29:19","modified_gmt":"2024-11-14T19:29:19","slug":"polan-mix-naive-rect-30x90","status":"publish","type":"product","link":"https:\/\/tilefly.com\/fr\/produit\/polan-mix-naive-rect-30x90\/","title":{"rendered":"POLAN MIX NAIVE RECT 30X90"},"content":{"rendered":"<h2><strong>POLAN MIX NA\u00cfF RECT 30X90<\/strong><\/h2><p><em>Polan Mix Naive Rect 30X90<\/em> est un d\u00e9cor floral unique qui combine plusieurs tons pour apporter dynamisme et fra\u00eecheur aux espaces. Ce carrelage mural en p\u00e2te blanche \u00e0 la finition mate et \u00e0 la texture imitation ciment est id\u00e9al pour ceux qui recherchent un design original et naturel. <\/p><p>D\u00e9couvrez la polyvalence de ce d\u00e9cor de la <a href=\"https:\/\/tilefly.com\/producto\/raw\/\">s\u00e9rie Raw<\/a> et transformez vos murs avec une touche florale qui inspire la s\u00e9r\u00e9nit\u00e9 et la beaut\u00e9.<\/p>","protected":false},"excerpt":{"rendered":"<p>POLAN MIX NA\u00cfF RECT 30X90Polan Mix Naive Rect 30X90 est un d\u00e9cor floral unique qui combine plusieurs tons pour apporter dynamisme et fra\u00eecheur aux espaces. Ce carrelage mural en p\u00e2te blanche \u00e0 la finition mate et \u00e0 la texture imitation ciment est id\u00e9al pour ceux qui recherchent un design original et naturel. D\u00e9couvrez la polyvalence [&hellip;]<\/p>\n","protected":false},"featured_media":544401,"comment_status":"open","ping_status":"closed","template":"","meta":[],"product_brand":[],"product_cat":[355,356,354],"product_tag":[],"class_list":{"0":"post-545517","1":"product","2":"type-product","3":"status-publish","4":"has-post-thumbnail","6":"product_cat-cuisines","7":"product_cat-faiences","8":"product_cat-carrelage-salle-de-bain","10":"first","11":"instock","12":"shipping-taxable","13":"purchasable","14":"product-type-simple"},"_links":{"self":[{"href":"https:\/\/tilefly.com\/fr\/wp-json\/wp\/v2\/product\/545517","targetHints":{"allow":["GET"]}}],"collection":[{"href":"https:\/\/tilefly.com\/fr\/wp-json\/wp\/v2\/product"}],"about":[{"href":"https:\/\/tilefly.com\/fr\/wp-json\/wp\/v2\/types\/product"}],"replies":[{"embeddable":true,"href":"https:\/\/tilefly.com\/fr\/wp-json\/wp\/v2\/comments?post=545517"}],"wp:featuredmedia":[{"embeddable":true,"href":"https:\/\/tilefly.com\/fr\/wp-json\/wp\/v2\/media\/544401"}],"wp:attachment":[{"href":"https:\/\/tilefly.com\/fr\/wp-json\/wp\/v2\/media?parent=545517"}],"wp:term":[{"taxonomy":"product_brand","embeddable":true,"href":"https:\/\/tilefly.com\/fr\/wp-json\/wp\/v2\/product_brand?post=545517"},{"taxonomy":"product_cat","embeddable":true,"href":"https:\/\/tilefly.com\/fr\/wp-json\/wp\/v2\/product_cat?post=545517"},{"taxonomy":"product_tag","embeddable":true,"href":"https:\/\/tilefly.com\/fr\/wp-json\/wp\/v2\/product_tag?post=545517"}],"curies":[{"name":"wp","href":"https:\/\/api.w.org\/{rel}","templated":true}]}}