{"id":545513,"date":"2024-11-14T20:04:53","date_gmt":"2024-11-14T19:04:53","guid":{"rendered":"https:\/\/tilefly.com\/producto\/polan-mix-cotton-rect-30x90\/"},"modified":"2024-11-14T20:29:16","modified_gmt":"2024-11-14T19:29:16","slug":"polan-mix-cotton-rect-30x90","status":"publish","type":"product","link":"https:\/\/tilefly.com\/fr\/produit\/polan-mix-cotton-rect-30x90\/","title":{"rendered":"POLAN MIX COTTON RECT 30X90"},"content":{"rendered":"<h2><strong>POLAN MIX COTON RECT 30X90<\/strong><\/h2><p><em>Polan Mix Cotton Rect 30X90<\/em> est un rev\u00eatement mural qui int\u00e8gre des graphiques floraux dans des tons neutres, cr\u00e9ant un design doux et accueillant. Ce rev\u00eatement mural en p\u00e2te blanche et finition mate apporte un style unique et naturel, id\u00e9al pour ceux qui cherchent \u00e0 mettre en valeur leurs murs avec une touche artistique. <\/p><p>D\u00e9couvrez cette pi\u00e8ce de la <a href=\"https:\/\/tilefly.com\/producto\/raw\/\">s\u00e9rie Raw<\/a> et ajoutez une touche d&#8217;\u00e9l\u00e9gance florale \u00e0 votre int\u00e9rieur.<\/p>","protected":false},"excerpt":{"rendered":"<p>POLAN MIX COTON RECT 30X90Polan Mix Cotton Rect 30X90 est un rev\u00eatement mural qui int\u00e8gre des graphiques floraux dans des tons neutres, cr\u00e9ant un design doux et accueillant. Ce rev\u00eatement mural en p\u00e2te blanche et finition mate apporte un style unique et naturel, id\u00e9al pour ceux qui cherchent \u00e0 mettre en valeur leurs murs avec [&hellip;]<\/p>\n","protected":false},"featured_media":544414,"comment_status":"open","ping_status":"closed","template":"","meta":[],"product_brand":[],"product_cat":[355,356,354],"product_tag":[],"class_list":{"0":"post-545513","1":"product","2":"type-product","3":"status-publish","4":"has-post-thumbnail","6":"product_cat-cuisines","7":"product_cat-faiences","8":"product_cat-carrelage-salle-de-bain","10":"first","11":"instock","12":"shipping-taxable","13":"purchasable","14":"product-type-simple"},"_links":{"self":[{"href":"https:\/\/tilefly.com\/fr\/wp-json\/wp\/v2\/product\/545513","targetHints":{"allow":["GET"]}}],"collection":[{"href":"https:\/\/tilefly.com\/fr\/wp-json\/wp\/v2\/product"}],"about":[{"href":"https:\/\/tilefly.com\/fr\/wp-json\/wp\/v2\/types\/product"}],"replies":[{"embeddable":true,"href":"https:\/\/tilefly.com\/fr\/wp-json\/wp\/v2\/comments?post=545513"}],"wp:featuredmedia":[{"embeddable":true,"href":"https:\/\/tilefly.com\/fr\/wp-json\/wp\/v2\/media\/544414"}],"wp:attachment":[{"href":"https:\/\/tilefly.com\/fr\/wp-json\/wp\/v2\/media?parent=545513"}],"wp:term":[{"taxonomy":"product_brand","embeddable":true,"href":"https:\/\/tilefly.com\/fr\/wp-json\/wp\/v2\/product_brand?post=545513"},{"taxonomy":"product_cat","embeddable":true,"href":"https:\/\/tilefly.com\/fr\/wp-json\/wp\/v2\/product_cat?post=545513"},{"taxonomy":"product_tag","embeddable":true,"href":"https:\/\/tilefly.com\/fr\/wp-json\/wp\/v2\/product_tag?post=545513"}],"curies":[{"name":"wp","href":"https:\/\/api.w.org\/{rel}","templated":true}]}}