{"id":545511,"date":"2024-11-14T20:04:43","date_gmt":"2024-11-14T19:04:43","guid":{"rendered":"https:\/\/tilefly.com\/producto\/tarima-toasted-rect-30x90\/"},"modified":"2024-11-14T20:29:14","modified_gmt":"2024-11-14T19:29:14","slug":"tarima-toasted-rect-30x90","status":"publish","type":"product","link":"https:\/\/tilefly.com\/fr\/produit\/tarima-toasted-rect-30x90\/","title":{"rendered":"TARIMA TOASTED RECT 30X90"},"content":{"rendered":"<h2><strong>REV\u00caTEMENT DE SOL RECTANGULAIRE GRILL\u00c9 30X90<\/strong><\/h2><p>Le <em>Toasted Rect 30X90<\/em> de couleur marron combine la texture du bois et du ciment dans un rev\u00eatement en p\u00e2te blanche \u00e0 la finition mate. Cette pi\u00e8ce ajoute une esth\u00e9tique rustique et chaleureuse \u00e0 tout espace, ce qui la rend id\u00e9ale pour les int\u00e9rieurs qui recherchent une atmosph\u00e8re chaleureuse. <\/p><p>Faisant partie de la <a href=\"https:\/\/tilefly.com\/producto\/raw\/\">s\u00e9rie Raw<\/a>, cette pi\u00e8ce est parfaite pour ceux qui souhaitent apporter l&#8217;essence des mat\u00e9riaux naturels \u00e0 leurs murs.<\/p>","protected":false},"excerpt":{"rendered":"<p>REV\u00caTEMENT DE SOL RECTANGULAIRE GRILL\u00c9 30X90Le Toasted Rect 30X90 de couleur marron combine la texture du bois et du ciment dans un rev\u00eatement en p\u00e2te blanche \u00e0 la finition mate. Cette pi\u00e8ce ajoute une esth\u00e9tique rustique et chaleureuse \u00e0 tout espace, ce qui la rend id\u00e9ale pour les int\u00e9rieurs qui recherchent une atmosph\u00e8re chaleureuse. Faisant [&hellip;]<\/p>\n","protected":false},"featured_media":544388,"comment_status":"open","ping_status":"closed","template":"","meta":[],"product_brand":[],"product_cat":[355,356,354],"product_tag":[],"class_list":{"0":"post-545511","1":"product","2":"type-product","3":"status-publish","4":"has-post-thumbnail","6":"product_cat-cuisines","7":"product_cat-faiences","8":"product_cat-carrelage-salle-de-bain","10":"first","11":"instock","12":"shipping-taxable","13":"purchasable","14":"product-type-simple"},"_links":{"self":[{"href":"https:\/\/tilefly.com\/fr\/wp-json\/wp\/v2\/product\/545511","targetHints":{"allow":["GET"]}}],"collection":[{"href":"https:\/\/tilefly.com\/fr\/wp-json\/wp\/v2\/product"}],"about":[{"href":"https:\/\/tilefly.com\/fr\/wp-json\/wp\/v2\/types\/product"}],"replies":[{"embeddable":true,"href":"https:\/\/tilefly.com\/fr\/wp-json\/wp\/v2\/comments?post=545511"}],"wp:featuredmedia":[{"embeddable":true,"href":"https:\/\/tilefly.com\/fr\/wp-json\/wp\/v2\/media\/544388"}],"wp:attachment":[{"href":"https:\/\/tilefly.com\/fr\/wp-json\/wp\/v2\/media?parent=545511"}],"wp:term":[{"taxonomy":"product_brand","embeddable":true,"href":"https:\/\/tilefly.com\/fr\/wp-json\/wp\/v2\/product_brand?post=545511"},{"taxonomy":"product_cat","embeddable":true,"href":"https:\/\/tilefly.com\/fr\/wp-json\/wp\/v2\/product_cat?post=545511"},{"taxonomy":"product_tag","embeddable":true,"href":"https:\/\/tilefly.com\/fr\/wp-json\/wp\/v2\/product_tag?post=545511"}],"curies":[{"name":"wp","href":"https:\/\/api.w.org\/{rel}","templated":true}]}}