{"id":545508,"date":"2024-11-14T20:04:36","date_gmt":"2024-11-14T19:04:36","guid":{"rendered":"https:\/\/tilefly.com\/producto\/raw-toasted-rect-30x90\/"},"modified":"2024-11-14T20:29:12","modified_gmt":"2024-11-14T19:29:12","slug":"raw-toasted-rect-30x90","status":"publish","type":"product","link":"https:\/\/tilefly.com\/fr\/produit\/raw-toasted-rect-30x90\/","title":{"rendered":"RAW TOASTED RECT 30X90"},"content":{"rendered":"<h2><strong>RECT CRU GRILL\u00c9 30X90<\/strong><\/h2><p><em>Raw Toasted Rect 30X90<\/em> en beige est un carrelage mural en p\u00e2te blanche \u00e0 la finition mate qui apporte chaleur et style \u00e0 tous les espaces. Sa texture imitation ciment est id\u00e9ale pour cr\u00e9er des ambiances cosy et naturelles. <\/p><p>Explorez la <a href=\"https:\/\/tilefly.com\/producto\/raw\/\">s\u00e9rie Raw<\/a> pour trouver l&#8217;inspiration parfaite et transformez vos espaces avec un design qui c\u00e9l\u00e8bre l&#8217;essence des mat\u00e9riaux naturels.<\/p>","protected":false},"excerpt":{"rendered":"<p>RECT CRU GRILL\u00c9 30X90Raw Toasted Rect 30X90 en beige est un carrelage mural en p\u00e2te blanche \u00e0 la finition mate qui apporte chaleur et style \u00e0 tous les espaces. Sa texture imitation ciment est id\u00e9ale pour cr\u00e9er des ambiances cosy et naturelles. Explorez la s\u00e9rie Raw pour trouver l&#8217;inspiration parfaite et transformez vos espaces avec [&hellip;]<\/p>\n","protected":false},"featured_media":544362,"comment_status":"open","ping_status":"closed","template":"","meta":[],"product_brand":[],"product_cat":[355,356,354],"product_tag":[],"class_list":{"0":"post-545508","1":"product","2":"type-product","3":"status-publish","4":"has-post-thumbnail","6":"product_cat-cuisines","7":"product_cat-faiences","8":"product_cat-carrelage-salle-de-bain","10":"first","11":"instock","12":"shipping-taxable","13":"purchasable","14":"product-type-simple"},"_links":{"self":[{"href":"https:\/\/tilefly.com\/fr\/wp-json\/wp\/v2\/product\/545508","targetHints":{"allow":["GET"]}}],"collection":[{"href":"https:\/\/tilefly.com\/fr\/wp-json\/wp\/v2\/product"}],"about":[{"href":"https:\/\/tilefly.com\/fr\/wp-json\/wp\/v2\/types\/product"}],"replies":[{"embeddable":true,"href":"https:\/\/tilefly.com\/fr\/wp-json\/wp\/v2\/comments?post=545508"}],"wp:featuredmedia":[{"embeddable":true,"href":"https:\/\/tilefly.com\/fr\/wp-json\/wp\/v2\/media\/544362"}],"wp:attachment":[{"href":"https:\/\/tilefly.com\/fr\/wp-json\/wp\/v2\/media?parent=545508"}],"wp:term":[{"taxonomy":"product_brand","embeddable":true,"href":"https:\/\/tilefly.com\/fr\/wp-json\/wp\/v2\/product_brand?post=545508"},{"taxonomy":"product_cat","embeddable":true,"href":"https:\/\/tilefly.com\/fr\/wp-json\/wp\/v2\/product_cat?post=545508"},{"taxonomy":"product_tag","embeddable":true,"href":"https:\/\/tilefly.com\/fr\/wp-json\/wp\/v2\/product_tag?post=545508"}],"curies":[{"name":"wp","href":"https:\/\/api.w.org\/{rel}","templated":true}]}}