{"id":545505,"date":"2024-11-14T20:04:39","date_gmt":"2024-11-14T19:04:39","guid":{"rendered":"https:\/\/tilefly.com\/producto\/tarima-cotton-rect-30x90\/"},"modified":"2024-11-14T20:29:11","modified_gmt":"2024-11-14T19:29:11","slug":"tarima-cotton-rect-30x90","status":"publish","type":"product","link":"https:\/\/tilefly.com\/fr\/produit\/tarima-cotton-rect-30x90\/","title":{"rendered":"TARIMA COTTON RECT 30X90"},"content":{"rendered":"<h2><strong>COTON RECT PLATEFORME 30X90<\/strong><\/h2><p>La <em>lame de parquet Cotton Rect 30X90<\/em> ton marron est un rev\u00eatement en p\u00e2te blanche qui \u00e9voque la texture du bois associ\u00e9e au ciment. Avec une finition mate, cette pi\u00e8ce est id\u00e9ale pour ceux qui souhaitent un style rustique avec une touche de modernit\u00e9, int\u00e9grant le naturel et la chaleur dans n&#8217;importe quel environnement. <\/p><p>D\u00e9couvrez cette option et d&#8217;autres de la <a href=\"https:\/\/tilefly.com\/producto\/raw\/\">s\u00e9rie Raw<\/a> et remplissez vos espaces d&#8217;authenticit\u00e9 et d&#8217;\u00e9l\u00e9gance.<\/p>","protected":false},"excerpt":{"rendered":"<p>COTON RECT PLATEFORME 30X90La lame de parquet Cotton Rect 30X90 ton marron est un rev\u00eatement en p\u00e2te blanche qui \u00e9voque la texture du bois associ\u00e9e au ciment. Avec une finition mate, cette pi\u00e8ce est id\u00e9ale pour ceux qui souhaitent un style rustique avec une touche de modernit\u00e9, int\u00e9grant le naturel et la chaleur dans n&#8217;importe [&hellip;]<\/p>\n","protected":false},"featured_media":544375,"comment_status":"open","ping_status":"closed","template":"","meta":[],"product_brand":[],"product_cat":[355,356,354],"product_tag":[],"class_list":{"0":"post-545505","1":"product","2":"type-product","3":"status-publish","4":"has-post-thumbnail","6":"product_cat-cuisines","7":"product_cat-faiences","8":"product_cat-carrelage-salle-de-bain","10":"first","11":"instock","12":"shipping-taxable","13":"purchasable","14":"product-type-simple"},"_links":{"self":[{"href":"https:\/\/tilefly.com\/fr\/wp-json\/wp\/v2\/product\/545505","targetHints":{"allow":["GET"]}}],"collection":[{"href":"https:\/\/tilefly.com\/fr\/wp-json\/wp\/v2\/product"}],"about":[{"href":"https:\/\/tilefly.com\/fr\/wp-json\/wp\/v2\/types\/product"}],"replies":[{"embeddable":true,"href":"https:\/\/tilefly.com\/fr\/wp-json\/wp\/v2\/comments?post=545505"}],"wp:featuredmedia":[{"embeddable":true,"href":"https:\/\/tilefly.com\/fr\/wp-json\/wp\/v2\/media\/544375"}],"wp:attachment":[{"href":"https:\/\/tilefly.com\/fr\/wp-json\/wp\/v2\/media?parent=545505"}],"wp:term":[{"taxonomy":"product_brand","embeddable":true,"href":"https:\/\/tilefly.com\/fr\/wp-json\/wp\/v2\/product_brand?post=545505"},{"taxonomy":"product_cat","embeddable":true,"href":"https:\/\/tilefly.com\/fr\/wp-json\/wp\/v2\/product_cat?post=545505"},{"taxonomy":"product_tag","embeddable":true,"href":"https:\/\/tilefly.com\/fr\/wp-json\/wp\/v2\/product_tag?post=545505"}],"curies":[{"name":"wp","href":"https:\/\/api.w.org\/{rel}","templated":true}]}}