{"id":545502,"date":"2024-11-14T20:04:33","date_gmt":"2024-11-14T19:04:33","guid":{"rendered":"https:\/\/tilefly.com\/producto\/raw-cotton-rect-30x90\/"},"modified":"2024-11-14T20:29:10","modified_gmt":"2024-11-14T19:29:10","slug":"raw-cotton-rect-30x90","status":"publish","type":"product","link":"https:\/\/tilefly.com\/fr\/produit\/raw-cotton-rect-30x90\/","title":{"rendered":"RAW COTTON RECT 30X90"},"content":{"rendered":"<h2><strong>COTON BRUT RECT 30X90<\/strong><\/h2><p><em>Raw Cotton Rect 30X90<\/em> est une fa\u00efence murale de tonalit\u00e9 grise qui transmet \u00e9l\u00e9gance et modernit\u00e9. Sa finition mate et sa texture imitation ciment en p\u00e2te blanche le rendent id\u00e9al pour les espaces minimalistes et contemporains, o\u00f9 le naturel est essentiel. <\/p><p>Cette pi\u00e8ce fait partie de la <a href=\"https:\/\/tilefly.com\/producto\/raw\/\">s\u00e9rie Raw<\/a>, une collection qui s&#8217;inspire de mat\u00e9riaux essentiels et intemporels.<\/p>","protected":false},"excerpt":{"rendered":"<p>COTON BRUT RECT 30X90Raw Cotton Rect 30X90 est une fa\u00efence murale de tonalit\u00e9 grise qui transmet \u00e9l\u00e9gance et modernit\u00e9. Sa finition mate et sa texture imitation ciment en p\u00e2te blanche le rendent id\u00e9al pour les espaces minimalistes et contemporains, o\u00f9 le naturel est essentiel. Cette pi\u00e8ce fait partie de la s\u00e9rie Raw, une collection qui [&hellip;]<\/p>\n","protected":false},"featured_media":544349,"comment_status":"open","ping_status":"closed","template":"","meta":[],"product_brand":[],"product_cat":[355,356,354],"product_tag":[],"class_list":{"0":"post-545502","1":"product","2":"type-product","3":"status-publish","4":"has-post-thumbnail","6":"product_cat-cuisines","7":"product_cat-faiences","8":"product_cat-carrelage-salle-de-bain","10":"first","11":"instock","12":"shipping-taxable","13":"purchasable","14":"product-type-simple"},"_links":{"self":[{"href":"https:\/\/tilefly.com\/fr\/wp-json\/wp\/v2\/product\/545502","targetHints":{"allow":["GET"]}}],"collection":[{"href":"https:\/\/tilefly.com\/fr\/wp-json\/wp\/v2\/product"}],"about":[{"href":"https:\/\/tilefly.com\/fr\/wp-json\/wp\/v2\/types\/product"}],"replies":[{"embeddable":true,"href":"https:\/\/tilefly.com\/fr\/wp-json\/wp\/v2\/comments?post=545502"}],"wp:featuredmedia":[{"embeddable":true,"href":"https:\/\/tilefly.com\/fr\/wp-json\/wp\/v2\/media\/544349"}],"wp:attachment":[{"href":"https:\/\/tilefly.com\/fr\/wp-json\/wp\/v2\/media?parent=545502"}],"wp:term":[{"taxonomy":"product_brand","embeddable":true,"href":"https:\/\/tilefly.com\/fr\/wp-json\/wp\/v2\/product_brand?post=545502"},{"taxonomy":"product_cat","embeddable":true,"href":"https:\/\/tilefly.com\/fr\/wp-json\/wp\/v2\/product_cat?post=545502"},{"taxonomy":"product_tag","embeddable":true,"href":"https:\/\/tilefly.com\/fr\/wp-json\/wp\/v2\/product_tag?post=545502"}],"curies":[{"name":"wp","href":"https:\/\/api.w.org\/{rel}","templated":true}]}}