{"id":545501,"date":"2024-11-14T20:04:27","date_gmt":"2024-11-14T19:04:27","guid":{"rendered":"https:\/\/tilefly.com\/producto\/anti-slip-raw-toasted-rect-120x120\/"},"modified":"2024-11-14T20:29:07","modified_gmt":"2024-11-14T19:29:07","slug":"anti-slip-raw-toasted-rect-120x120","status":"publish","type":"product","link":"https:\/\/tilefly.com\/fr\/produit\/anti-slip-raw-toasted-rect-120x120\/","title":{"rendered":"ANTI-SLIP RAW TOASTED RECT 120X120"},"content":{"rendered":"<h2><strong>ANTID\u00c9RAPANT RAW TOASTED RECT 120X120<\/strong><\/h2><p>Le <em>carrelage antid\u00e9rapant Raw Toasted Rect 120X120<\/em> en beige combine un style chaleureux et antid\u00e9rapant, id\u00e9al pour l&#8217;ext\u00e9rieur ou les zones humides. Avec une finition mate et un design rappelant le ciment, ce gr\u00e8s c\u00e9rame est \u00e0 la fois esth\u00e9tique et fonctionnel. <\/p><p>Faisant partie de la <a href=\"https:\/\/tilefly.com\/producto\/raw\/\">s\u00e9rie Raw<\/a>, ce rev\u00eatement de sol assure la s\u00e9curit\u00e9 et l&#8217;harmonie dans tous les environnements.<\/p>","protected":false},"excerpt":{"rendered":"<p>ANTID\u00c9RAPANT RAW TOASTED RECT 120X120Le carrelage antid\u00e9rapant Raw Toasted Rect 120X120 en beige combine un style chaleureux et antid\u00e9rapant, id\u00e9al pour l&#8217;ext\u00e9rieur ou les zones humides. Avec une finition mate et un design rappelant le ciment, ce gr\u00e8s c\u00e9rame est \u00e0 la fois esth\u00e9tique et fonctionnel. Faisant partie de la s\u00e9rie Raw, ce rev\u00eatement de [&hellip;]<\/p>\n","protected":false},"featured_media":544323,"comment_status":"open","ping_status":"closed","template":"","meta":[],"product_brand":[],"product_cat":[353,355,356,354],"product_tag":[],"class_list":{"0":"post-545501","1":"product","2":"type-product","3":"status-publish","4":"has-post-thumbnail","6":"product_cat-carrelage","7":"product_cat-cuisines","8":"product_cat-faiences","9":"product_cat-carrelage-salle-de-bain","11":"first","12":"instock","13":"shipping-taxable","14":"purchasable","15":"product-type-simple"},"_links":{"self":[{"href":"https:\/\/tilefly.com\/fr\/wp-json\/wp\/v2\/product\/545501","targetHints":{"allow":["GET"]}}],"collection":[{"href":"https:\/\/tilefly.com\/fr\/wp-json\/wp\/v2\/product"}],"about":[{"href":"https:\/\/tilefly.com\/fr\/wp-json\/wp\/v2\/types\/product"}],"replies":[{"embeddable":true,"href":"https:\/\/tilefly.com\/fr\/wp-json\/wp\/v2\/comments?post=545501"}],"wp:featuredmedia":[{"embeddable":true,"href":"https:\/\/tilefly.com\/fr\/wp-json\/wp\/v2\/media\/544323"}],"wp:attachment":[{"href":"https:\/\/tilefly.com\/fr\/wp-json\/wp\/v2\/media?parent=545501"}],"wp:term":[{"taxonomy":"product_brand","embeddable":true,"href":"https:\/\/tilefly.com\/fr\/wp-json\/wp\/v2\/product_brand?post=545501"},{"taxonomy":"product_cat","embeddable":true,"href":"https:\/\/tilefly.com\/fr\/wp-json\/wp\/v2\/product_cat?post=545501"},{"taxonomy":"product_tag","embeddable":true,"href":"https:\/\/tilefly.com\/fr\/wp-json\/wp\/v2\/product_tag?post=545501"}],"curies":[{"name":"wp","href":"https:\/\/api.w.org\/{rel}","templated":true}]}}