{"id":545498,"date":"2024-11-14T20:04:30","date_gmt":"2024-11-14T19:04:30","guid":{"rendered":"https:\/\/tilefly.com\/producto\/raw-naive-rect-30x90\/"},"modified":"2024-11-14T20:29:05","modified_gmt":"2024-11-14T19:29:05","slug":"raw-naive-rect-30x90","status":"publish","type":"product","link":"https:\/\/tilefly.com\/fr\/produit\/raw-naive-rect-30x90\/","title":{"rendered":"RAW NAIVE RECT 30X90"},"content":{"rendered":"<h2><strong>NA\u00cfF BRUT RECT 30X90<\/strong><\/h2><p><em>Raw Naive Rect 30X90<\/em> en gris est un carrelage mural en p\u00e2te blanche qui apporte un style naturel et serein aux murs. Avec sa finition mate et sa texture semblable \u00e0 celle du ciment, cette pi\u00e8ce est id\u00e9ale pour cr\u00e9er une ambiance cosy et \u00e9l\u00e9gante dans les int\u00e9rieurs modernes. <\/p><p>Faisant partie de la <a href=\"https:\/\/tilefly.com\/producto\/raw\/\">s\u00e9rie Raw<\/a>, cette option est parfaite pour ceux qui recherchent un design refl\u00e9tant l&#8217;essence des mat\u00e9riaux naturels et un style sophistiqu\u00e9.<\/p>","protected":false},"excerpt":{"rendered":"<p>NA\u00cfF BRUT RECT 30X90Raw Naive Rect 30X90 en gris est un carrelage mural en p\u00e2te blanche qui apporte un style naturel et serein aux murs. Avec sa finition mate et sa texture semblable \u00e0 celle du ciment, cette pi\u00e8ce est id\u00e9ale pour cr\u00e9er une ambiance cosy et \u00e9l\u00e9gante dans les int\u00e9rieurs modernes. Faisant partie de [&hellip;]<\/p>\n","protected":false},"featured_media":544336,"comment_status":"open","ping_status":"closed","template":"","meta":[],"product_brand":[],"product_cat":[355,356,354],"product_tag":[],"class_list":{"0":"post-545498","1":"product","2":"type-product","3":"status-publish","4":"has-post-thumbnail","6":"product_cat-cuisines","7":"product_cat-faiences","8":"product_cat-carrelage-salle-de-bain","10":"first","11":"instock","12":"shipping-taxable","13":"purchasable","14":"product-type-simple"},"_links":{"self":[{"href":"https:\/\/tilefly.com\/fr\/wp-json\/wp\/v2\/product\/545498","targetHints":{"allow":["GET"]}}],"collection":[{"href":"https:\/\/tilefly.com\/fr\/wp-json\/wp\/v2\/product"}],"about":[{"href":"https:\/\/tilefly.com\/fr\/wp-json\/wp\/v2\/types\/product"}],"replies":[{"embeddable":true,"href":"https:\/\/tilefly.com\/fr\/wp-json\/wp\/v2\/comments?post=545498"}],"wp:featuredmedia":[{"embeddable":true,"href":"https:\/\/tilefly.com\/fr\/wp-json\/wp\/v2\/media\/544336"}],"wp:attachment":[{"href":"https:\/\/tilefly.com\/fr\/wp-json\/wp\/v2\/media?parent=545498"}],"wp:term":[{"taxonomy":"product_brand","embeddable":true,"href":"https:\/\/tilefly.com\/fr\/wp-json\/wp\/v2\/product_brand?post=545498"},{"taxonomy":"product_cat","embeddable":true,"href":"https:\/\/tilefly.com\/fr\/wp-json\/wp\/v2\/product_cat?post=545498"},{"taxonomy":"product_tag","embeddable":true,"href":"https:\/\/tilefly.com\/fr\/wp-json\/wp\/v2\/product_tag?post=545498"}],"curies":[{"name":"wp","href":"https:\/\/api.w.org\/{rel}","templated":true}]}}