{"id":545495,"date":"2024-11-14T20:04:24","date_gmt":"2024-11-14T19:04:24","guid":{"rendered":"https:\/\/tilefly.com\/producto\/anti-slip-raw-cotton-rect-120x120\/"},"modified":"2024-11-14T20:29:04","modified_gmt":"2024-11-14T19:29:04","slug":"anti-slip-raw-cotton-rect-120x120","status":"publish","type":"product","link":"https:\/\/tilefly.com\/fr\/produit\/anti-slip-raw-cotton-rect-120x120\/","title":{"rendered":"ANTI-SLIP RAW COTTON RECT 120X120"},"content":{"rendered":"<h2><strong>ANTI-D\u00c9RAPANT COTON BRUT RECT 120X120<\/strong><\/h2><p><em>Anti-Slip Raw Cotton Rect 120X120<\/em> est un carreau de sol en gr\u00e8s c\u00e9rame gris avec une finition mate et des propri\u00e9t\u00e9s antid\u00e9rapantes, parfait pour l&#8217;ext\u00e9rieur ou les espaces \u00e0 fort trafic. Sa texture imitation ciment ajoute style et s\u00e9curit\u00e9 \u00e0 l&#8217;environnement. <\/p><p>Ce mod\u00e8le fait partie de la <a href=\"https:\/\/tilefly.com\/producto\/raw\/\">s\u00e9rie Raw<\/a>, offrant une solution pratique et moderne pour ceux qui recherchent une finition naturelle sans sacrifier la fonctionnalit\u00e9.<\/p>","protected":false},"excerpt":{"rendered":"<p>ANTI-D\u00c9RAPANT COTON BRUT RECT 120X120Anti-Slip Raw Cotton Rect 120X120 est un carreau de sol en gr\u00e8s c\u00e9rame gris avec une finition mate et des propri\u00e9t\u00e9s antid\u00e9rapantes, parfait pour l&#8217;ext\u00e9rieur ou les espaces \u00e0 fort trafic. Sa texture imitation ciment ajoute style et s\u00e9curit\u00e9 \u00e0 l&#8217;environnement. Ce mod\u00e8le fait partie de la s\u00e9rie Raw, offrant une [&hellip;]<\/p>\n","protected":false},"featured_media":544310,"comment_status":"open","ping_status":"closed","template":"","meta":[],"product_brand":[],"product_cat":[353,355,356,354],"product_tag":[],"class_list":{"0":"post-545495","1":"product","2":"type-product","3":"status-publish","4":"has-post-thumbnail","6":"product_cat-carrelage","7":"product_cat-cuisines","8":"product_cat-faiences","9":"product_cat-carrelage-salle-de-bain","11":"first","12":"instock","13":"shipping-taxable","14":"purchasable","15":"product-type-simple"},"_links":{"self":[{"href":"https:\/\/tilefly.com\/fr\/wp-json\/wp\/v2\/product\/545495","targetHints":{"allow":["GET"]}}],"collection":[{"href":"https:\/\/tilefly.com\/fr\/wp-json\/wp\/v2\/product"}],"about":[{"href":"https:\/\/tilefly.com\/fr\/wp-json\/wp\/v2\/types\/product"}],"replies":[{"embeddable":true,"href":"https:\/\/tilefly.com\/fr\/wp-json\/wp\/v2\/comments?post=545495"}],"wp:featuredmedia":[{"embeddable":true,"href":"https:\/\/tilefly.com\/fr\/wp-json\/wp\/v2\/media\/544310"}],"wp:attachment":[{"href":"https:\/\/tilefly.com\/fr\/wp-json\/wp\/v2\/media?parent=545495"}],"wp:term":[{"taxonomy":"product_brand","embeddable":true,"href":"https:\/\/tilefly.com\/fr\/wp-json\/wp\/v2\/product_brand?post=545495"},{"taxonomy":"product_cat","embeddable":true,"href":"https:\/\/tilefly.com\/fr\/wp-json\/wp\/v2\/product_cat?post=545495"},{"taxonomy":"product_tag","embeddable":true,"href":"https:\/\/tilefly.com\/fr\/wp-json\/wp\/v2\/product_tag?post=545495"}],"curies":[{"name":"wp","href":"https:\/\/api.w.org\/{rel}","templated":true}]}}