{"id":545490,"date":"2024-11-14T20:04:20","date_gmt":"2024-11-14T19:04:20","guid":{"rendered":"https:\/\/tilefly.com\/producto\/raw-cement-smooth-rect-120x120\/"},"modified":"2024-11-14T20:28:57","modified_gmt":"2024-11-14T19:28:57","slug":"raw-cement-smooth-rect-120x120","status":"publish","type":"product","link":"https:\/\/tilefly.com\/fr\/produit\/raw-cement-smooth-rect-120x120\/","title":{"rendered":"RAW CEMENT SMOOTH RECT 120X120"},"content":{"rendered":"<h2><strong>CIMENT BRUT LISSE RECT 120X120<\/strong><\/h2><p><em>Raw Cement Smooth Rect 120X120<\/em> en gris est un carreau de sol en porcelaine grand format qui imite le ciment avec une finition mate sophistiqu\u00e9e. Cette pi\u00e8ce se distingue dans les espaces modernes et minimalistes, offrant une esth\u00e9tique sobre et durable. <\/p><p>Faisant partie de la <a href=\"https:\/\/tilefly.com\/producto\/raw\/\">s\u00e9rie Raw<\/a>, cette c\u00e9ramique transforme l&#8217;environnement avec une touche de naturel et d&#8217;\u00e9l\u00e9gance.<\/p>","protected":false},"excerpt":{"rendered":"<p>CIMENT BRUT LISSE RECT 120X120Raw Cement Smooth Rect 120X120 en gris est un carreau de sol en porcelaine grand format qui imite le ciment avec une finition mate sophistiqu\u00e9e. Cette pi\u00e8ce se distingue dans les espaces modernes et minimalistes, offrant une esth\u00e9tique sobre et durable. Faisant partie de la s\u00e9rie Raw, cette c\u00e9ramique transforme l&#8217;environnement [&hellip;]<\/p>\n","protected":false},"featured_media":544297,"comment_status":"open","ping_status":"closed","template":"","meta":[],"product_brand":[],"product_cat":[353,355,356,354],"product_tag":[],"class_list":{"0":"post-545490","1":"product","2":"type-product","3":"status-publish","4":"has-post-thumbnail","6":"product_cat-carrelage","7":"product_cat-cuisines","8":"product_cat-faiences","9":"product_cat-carrelage-salle-de-bain","11":"first","12":"outofstock","13":"shipping-taxable","14":"purchasable","15":"product-type-simple"},"_links":{"self":[{"href":"https:\/\/tilefly.com\/fr\/wp-json\/wp\/v2\/product\/545490","targetHints":{"allow":["GET"]}}],"collection":[{"href":"https:\/\/tilefly.com\/fr\/wp-json\/wp\/v2\/product"}],"about":[{"href":"https:\/\/tilefly.com\/fr\/wp-json\/wp\/v2\/types\/product"}],"replies":[{"embeddable":true,"href":"https:\/\/tilefly.com\/fr\/wp-json\/wp\/v2\/comments?post=545490"}],"wp:featuredmedia":[{"embeddable":true,"href":"https:\/\/tilefly.com\/fr\/wp-json\/wp\/v2\/media\/544297"}],"wp:attachment":[{"href":"https:\/\/tilefly.com\/fr\/wp-json\/wp\/v2\/media?parent=545490"}],"wp:term":[{"taxonomy":"product_brand","embeddable":true,"href":"https:\/\/tilefly.com\/fr\/wp-json\/wp\/v2\/product_brand?post=545490"},{"taxonomy":"product_cat","embeddable":true,"href":"https:\/\/tilefly.com\/fr\/wp-json\/wp\/v2\/product_cat?post=545490"},{"taxonomy":"product_tag","embeddable":true,"href":"https:\/\/tilefly.com\/fr\/wp-json\/wp\/v2\/product_tag?post=545490"}],"curies":[{"name":"wp","href":"https:\/\/api.w.org\/{rel}","templated":true}]}}