{"id":545486,"date":"2024-11-14T20:04:10","date_gmt":"2024-11-14T19:04:10","guid":{"rendered":"https:\/\/tilefly.com\/producto\/raw-cotton-smooth-rect-120x120\/"},"modified":"2024-11-14T20:28:55","modified_gmt":"2024-11-14T19:28:55","slug":"raw-cotton-smooth-rect-120x120","status":"publish","type":"product","link":"https:\/\/tilefly.com\/fr\/produit\/raw-cotton-smooth-rect-120x120\/","title":{"rendered":"RAW COTTON SMOOTH RECT 120X120"},"content":{"rendered":"<h2><strong>COTON BRUT LISSE RECT 120X120<\/strong><\/h2><p><em>Raw Cotton Smooth Rect 120X120<\/em> est un carreau de sol en porcelaine dans un ton gris qui offre une finition mate, id\u00e9ale pour ceux qui recherchent un design \u00e9l\u00e9gant et naturel. Sa texture imitation ciment est parfaite pour les espaces qui souhaitent refl\u00e9ter modernit\u00e9 et sobri\u00e9t\u00e9. <\/p><p>Faisant partie de la <a href=\"https:\/\/tilefly.com\/producto\/raw\/\">s\u00e9rie Raw<\/a>, ce rev\u00eatement de sol grand format agrandit visuellement les espaces, les transformant en un havre de style et de tranquillit\u00e9.<\/p>","protected":false},"excerpt":{"rendered":"<p>COTON BRUT LISSE RECT 120X120Raw Cotton Smooth Rect 120X120 est un carreau de sol en porcelaine dans un ton gris qui offre une finition mate, id\u00e9ale pour ceux qui recherchent un design \u00e9l\u00e9gant et naturel. Sa texture imitation ciment est parfaite pour les espaces qui souhaitent refl\u00e9ter modernit\u00e9 et sobri\u00e9t\u00e9. Faisant partie de la s\u00e9rie [&hellip;]<\/p>\n","protected":false},"featured_media":544271,"comment_status":"open","ping_status":"closed","template":"","meta":[],"product_brand":[],"product_cat":[353,355,356,354],"product_tag":[],"class_list":{"0":"post-545486","1":"product","2":"type-product","3":"status-publish","4":"has-post-thumbnail","6":"product_cat-carrelage","7":"product_cat-cuisines","8":"product_cat-faiences","9":"product_cat-carrelage-salle-de-bain","11":"first","12":"outofstock","13":"shipping-taxable","14":"purchasable","15":"product-type-simple"},"_links":{"self":[{"href":"https:\/\/tilefly.com\/fr\/wp-json\/wp\/v2\/product\/545486","targetHints":{"allow":["GET"]}}],"collection":[{"href":"https:\/\/tilefly.com\/fr\/wp-json\/wp\/v2\/product"}],"about":[{"href":"https:\/\/tilefly.com\/fr\/wp-json\/wp\/v2\/types\/product"}],"replies":[{"embeddable":true,"href":"https:\/\/tilefly.com\/fr\/wp-json\/wp\/v2\/comments?post=545486"}],"wp:featuredmedia":[{"embeddable":true,"href":"https:\/\/tilefly.com\/fr\/wp-json\/wp\/v2\/media\/544271"}],"wp:attachment":[{"href":"https:\/\/tilefly.com\/fr\/wp-json\/wp\/v2\/media?parent=545486"}],"wp:term":[{"taxonomy":"product_brand","embeddable":true,"href":"https:\/\/tilefly.com\/fr\/wp-json\/wp\/v2\/product_brand?post=545486"},{"taxonomy":"product_cat","embeddable":true,"href":"https:\/\/tilefly.com\/fr\/wp-json\/wp\/v2\/product_cat?post=545486"},{"taxonomy":"product_tag","embeddable":true,"href":"https:\/\/tilefly.com\/fr\/wp-json\/wp\/v2\/product_tag?post=545486"}],"curies":[{"name":"wp","href":"https:\/\/api.w.org\/{rel}","templated":true}]}}