{"id":545483,"date":"2024-11-14T20:04:15","date_gmt":"2024-11-14T19:04:15","guid":{"rendered":"https:\/\/tilefly.com\/producto\/raw-toasted-smooth-rect-120x120\/"},"modified":"2024-11-14T20:28:53","modified_gmt":"2024-11-14T19:28:53","slug":"raw-toasted-smooth-rect-120x120","status":"publish","type":"product","link":"https:\/\/tilefly.com\/fr\/produit\/raw-toasted-smooth-rect-120x120\/","title":{"rendered":"RAW TOASTED SMOOTH RECT 120X120"},"content":{"rendered":"<h2><strong>CRU GRILL\u00c9 LISSE RECT 120X120<\/strong><\/h2><p><em>Raw Toasted Smooth Rect 120X120<\/em> en beige est un gr\u00e8s c\u00e9rame grand format qui apporte chaleur et s\u00e9r\u00e9nit\u00e9 aux int\u00e9rieurs. Avec une finition mate et un style imitation ciment, cette pi\u00e8ce est id\u00e9ale pour les environnements qui recherchent une esth\u00e9tique naturelle et accueillante. <\/p><p>D\u00e9couvrez d&#8217;autres \u00e9l\u00e9ments de cette collection inspir\u00e9e par des mat\u00e9riaux essentiels dans la <a href=\"https:\/\/tilefly.com\/producto\/raw\/\">s\u00e9rie Raw<\/a> et apportez une touche de nature dans votre int\u00e9rieur.<\/p>","protected":false},"excerpt":{"rendered":"<p>CRU GRILL\u00c9 LISSE RECT 120X120Raw Toasted Smooth Rect 120X120 en beige est un gr\u00e8s c\u00e9rame grand format qui apporte chaleur et s\u00e9r\u00e9nit\u00e9 aux int\u00e9rieurs. Avec une finition mate et un style imitation ciment, cette pi\u00e8ce est id\u00e9ale pour les environnements qui recherchent une esth\u00e9tique naturelle et accueillante. D\u00e9couvrez d&#8217;autres \u00e9l\u00e9ments de cette collection inspir\u00e9e par [&hellip;]<\/p>\n","protected":false},"featured_media":544284,"comment_status":"open","ping_status":"closed","template":"","meta":[],"product_brand":[],"product_cat":[353,355,356,354],"product_tag":[],"class_list":{"0":"post-545483","1":"product","2":"type-product","3":"status-publish","4":"has-post-thumbnail","6":"product_cat-carrelage","7":"product_cat-cuisines","8":"product_cat-faiences","9":"product_cat-carrelage-salle-de-bain","11":"first","12":"instock","13":"shipping-taxable","14":"purchasable","15":"product-type-simple"},"_links":{"self":[{"href":"https:\/\/tilefly.com\/fr\/wp-json\/wp\/v2\/product\/545483","targetHints":{"allow":["GET"]}}],"collection":[{"href":"https:\/\/tilefly.com\/fr\/wp-json\/wp\/v2\/product"}],"about":[{"href":"https:\/\/tilefly.com\/fr\/wp-json\/wp\/v2\/types\/product"}],"replies":[{"embeddable":true,"href":"https:\/\/tilefly.com\/fr\/wp-json\/wp\/v2\/comments?post=545483"}],"wp:featuredmedia":[{"embeddable":true,"href":"https:\/\/tilefly.com\/fr\/wp-json\/wp\/v2\/media\/544284"}],"wp:attachment":[{"href":"https:\/\/tilefly.com\/fr\/wp-json\/wp\/v2\/media?parent=545483"}],"wp:term":[{"taxonomy":"product_brand","embeddable":true,"href":"https:\/\/tilefly.com\/fr\/wp-json\/wp\/v2\/product_brand?post=545483"},{"taxonomy":"product_cat","embeddable":true,"href":"https:\/\/tilefly.com\/fr\/wp-json\/wp\/v2\/product_cat?post=545483"},{"taxonomy":"product_tag","embeddable":true,"href":"https:\/\/tilefly.com\/fr\/wp-json\/wp\/v2\/product_tag?post=545483"}],"curies":[{"name":"wp","href":"https:\/\/api.w.org\/{rel}","templated":true}]}}