{"id":545481,"date":"2024-11-14T20:04:08","date_gmt":"2024-11-14T19:04:08","guid":{"rendered":"https:\/\/tilefly.com\/producto\/raw-naive-smooth-rect-120x120\/"},"modified":"2024-11-14T20:28:51","modified_gmt":"2024-11-14T19:28:51","slug":"raw-naive-smooth-rect-120x120","status":"publish","type":"product","link":"https:\/\/tilefly.com\/fr\/produit\/raw-naive-smooth-rect-120x120\/","title":{"rendered":"RAW NAIVE SMOOTH RECT 120X120"},"content":{"rendered":"<h2><strong>BRUT NA\u00cfF LISSE RECT 120X120<\/strong><\/h2><p><em>Raw Naive Smooth Rect 120X120<\/em> en beige est un carreau de sol en porcelaine de grand format qui apporte une sensation d&#8217;espace et de chaleur \u00e0 n&#8217;importe quel espace. Avec une finition mate et un style imitation ciment, cette pi\u00e8ce vous permet de cr\u00e9er des atmosph\u00e8res sophistiqu\u00e9es et naturelles. <\/p><p>Id\u00e9al pour ceux qui recherchent un design minimaliste et contemporain, le <em>Raw Naive<\/em> se distingue par son style intemporel. D\u00e9couvrez cette ligne de la <a href=\"https:\/\/tilefly.com\/producto\/raw\/\">s\u00e9rie Raw<\/a> et transformez vos espaces avec l&#8217;essence de la nature. <\/p>","protected":false},"excerpt":{"rendered":"<p>BRUT NA\u00cfF LISSE RECT 120X120Raw Naive Smooth Rect 120X120 en beige est un carreau de sol en porcelaine de grand format qui apporte une sensation d&#8217;espace et de chaleur \u00e0 n&#8217;importe quel espace. Avec une finition mate et un style imitation ciment, cette pi\u00e8ce vous permet de cr\u00e9er des atmosph\u00e8res sophistiqu\u00e9es et naturelles. Id\u00e9al pour [&hellip;]<\/p>\n","protected":false},"featured_media":544258,"comment_status":"open","ping_status":"closed","template":"","meta":[],"product_brand":[],"product_cat":[353,355,356,354],"product_tag":[],"class_list":{"0":"post-545481","1":"product","2":"type-product","3":"status-publish","4":"has-post-thumbnail","6":"product_cat-carrelage","7":"product_cat-cuisines","8":"product_cat-faiences","9":"product_cat-carrelage-salle-de-bain","11":"first","12":"instock","13":"shipping-taxable","14":"purchasable","15":"product-type-simple"},"_links":{"self":[{"href":"https:\/\/tilefly.com\/fr\/wp-json\/wp\/v2\/product\/545481","targetHints":{"allow":["GET"]}}],"collection":[{"href":"https:\/\/tilefly.com\/fr\/wp-json\/wp\/v2\/product"}],"about":[{"href":"https:\/\/tilefly.com\/fr\/wp-json\/wp\/v2\/types\/product"}],"replies":[{"embeddable":true,"href":"https:\/\/tilefly.com\/fr\/wp-json\/wp\/v2\/comments?post=545481"}],"wp:featuredmedia":[{"embeddable":true,"href":"https:\/\/tilefly.com\/fr\/wp-json\/wp\/v2\/media\/544258"}],"wp:attachment":[{"href":"https:\/\/tilefly.com\/fr\/wp-json\/wp\/v2\/media?parent=545481"}],"wp:term":[{"taxonomy":"product_brand","embeddable":true,"href":"https:\/\/tilefly.com\/fr\/wp-json\/wp\/v2\/product_brand?post=545481"},{"taxonomy":"product_cat","embeddable":true,"href":"https:\/\/tilefly.com\/fr\/wp-json\/wp\/v2\/product_cat?post=545481"},{"taxonomy":"product_tag","embeddable":true,"href":"https:\/\/tilefly.com\/fr\/wp-json\/wp\/v2\/product_tag?post=545481"}],"curies":[{"name":"wp","href":"https:\/\/api.w.org\/{rel}","templated":true}]}}