{"id":545479,"date":"2024-11-14T20:04:02","date_gmt":"2024-11-14T19:04:02","guid":{"rendered":"https:\/\/tilefly.com\/producto\/raw-toasted-smooth-rect-60x120\/"},"modified":"2024-11-14T20:28:50","modified_gmt":"2024-11-14T19:28:50","slug":"raw-toasted-smooth-rect-60x120","status":"publish","type":"product","link":"https:\/\/tilefly.com\/fr\/produit\/raw-toasted-smooth-rect-60x120\/","title":{"rendered":"RAW TOASTED SMOOTH RECT 60X120"},"content":{"rendered":"<h2><strong>CRU GRILL\u00c9 LISSE RECT 60X120<\/strong><\/h2><p>Le carreau de sol <em>Raw Toasted Smooth Rect 60X120<\/em> en beige offre une option chaleureuse et accueillante pour n&#8217;importe quel environnement. Avec sa finition mate et son style rappelant le ciment, ce carreau de porcelaine est id\u00e9al pour ceux qui recherchent un \u00e9quilibre entre naturel et moderne. <\/p><p>Inspir\u00e9 par la nature, <em>Raw Toasted<\/em> offre une base neutre et sophistiqu\u00e9e qui compl\u00e8te une vari\u00e9t\u00e9 de styles d\u00e9coratifs. D\u00e9couvrez d&#8217;autres \u00e9l\u00e9ments de cette ligne dans la <a href=\"https:\/\/tilefly.com\/producto\/raw\/\">s\u00e9rie Raw<\/a> et cr\u00e9ez des espaces uniques avec des mat\u00e9riaux qui honorent l&#8217;essentiel. <\/p>","protected":false},"excerpt":{"rendered":"<p>CRU GRILL\u00c9 LISSE RECT 60X120Le carreau de sol Raw Toasted Smooth Rect 60X120 en beige offre une option chaleureuse et accueillante pour n&#8217;importe quel environnement. Avec sa finition mate et son style rappelant le ciment, ce carreau de porcelaine est id\u00e9al pour ceux qui recherchent un \u00e9quilibre entre naturel et moderne. Inspir\u00e9 par la nature, [&hellip;]<\/p>\n","protected":false},"featured_media":544232,"comment_status":"open","ping_status":"closed","template":"","meta":[],"product_brand":[],"product_cat":[353,355,356,354],"product_tag":[],"class_list":{"0":"post-545479","1":"product","2":"type-product","3":"status-publish","4":"has-post-thumbnail","6":"product_cat-carrelage","7":"product_cat-cuisines","8":"product_cat-faiences","9":"product_cat-carrelage-salle-de-bain","11":"first","12":"instock","13":"shipping-taxable","14":"purchasable","15":"product-type-simple"},"_links":{"self":[{"href":"https:\/\/tilefly.com\/fr\/wp-json\/wp\/v2\/product\/545479","targetHints":{"allow":["GET"]}}],"collection":[{"href":"https:\/\/tilefly.com\/fr\/wp-json\/wp\/v2\/product"}],"about":[{"href":"https:\/\/tilefly.com\/fr\/wp-json\/wp\/v2\/types\/product"}],"replies":[{"embeddable":true,"href":"https:\/\/tilefly.com\/fr\/wp-json\/wp\/v2\/comments?post=545479"}],"wp:featuredmedia":[{"embeddable":true,"href":"https:\/\/tilefly.com\/fr\/wp-json\/wp\/v2\/media\/544232"}],"wp:attachment":[{"href":"https:\/\/tilefly.com\/fr\/wp-json\/wp\/v2\/media?parent=545479"}],"wp:term":[{"taxonomy":"product_brand","embeddable":true,"href":"https:\/\/tilefly.com\/fr\/wp-json\/wp\/v2\/product_brand?post=545479"},{"taxonomy":"product_cat","embeddable":true,"href":"https:\/\/tilefly.com\/fr\/wp-json\/wp\/v2\/product_cat?post=545479"},{"taxonomy":"product_tag","embeddable":true,"href":"https:\/\/tilefly.com\/fr\/wp-json\/wp\/v2\/product_tag?post=545479"}],"curies":[{"name":"wp","href":"https:\/\/api.w.org\/{rel}","templated":true}]}}