{"id":545475,"date":"2024-11-14T20:04:05","date_gmt":"2024-11-14T19:04:05","guid":{"rendered":"https:\/\/tilefly.com\/producto\/anti-slip-raw-toasted-rect-60x120\/"},"modified":"2024-11-14T20:28:48","modified_gmt":"2024-11-14T19:28:48","slug":"anti-slip-raw-toasted-rect-60x120","status":"publish","type":"product","link":"https:\/\/tilefly.com\/fr\/produit\/anti-slip-raw-toasted-rect-60x120\/","title":{"rendered":"ANTI- SLIP RAW TOASTED RECT 60X120"},"content":{"rendered":"<h2><strong>ANTID\u00c9RAPANT RECT GRILL\u00c9 BRUT 60X120<\/strong><\/h2><p>Le <em>tapis antid<\/em> \u00e9rapant <em>Raw Toasted Rect 60X120<\/em> en beige offre s\u00e9curit\u00e9 et style avec une finition antid\u00e9rapante id\u00e9ale pour les zones \u00e0 fort trafic. Son imitation ciment et sa finition mate ajoutent une touche moderne et accueillante \u00e0 tout espace. <\/p><p>Avec l&#8217;esth\u00e9tique et la fonctionnalit\u00e9 de la <a href=\"https:\/\/tilefly.com\/producto\/raw\/\">s\u00e9rie Raw<\/a>, cette pi\u00e8ce est parfaite pour ceux qui veulent un design naturel avec une s\u00e9curit\u00e9 maximale.<\/p>","protected":false},"excerpt":{"rendered":"<p>ANTID\u00c9RAPANT RECT GRILL\u00c9 BRUT 60X120Le tapis antid \u00e9rapant Raw Toasted Rect 60X120 en beige offre s\u00e9curit\u00e9 et style avec une finition antid\u00e9rapante id\u00e9ale pour les zones \u00e0 fort trafic. Son imitation ciment et sa finition mate ajoutent une touche moderne et accueillante \u00e0 tout espace. Avec l&#8217;esth\u00e9tique et la fonctionnalit\u00e9 de la s\u00e9rie Raw, cette [&hellip;]<\/p>\n","protected":false},"featured_media":544245,"comment_status":"open","ping_status":"closed","template":"","meta":[],"product_brand":[],"product_cat":[353,355,356,354],"product_tag":[],"class_list":{"0":"post-545475","1":"product","2":"type-product","3":"status-publish","4":"has-post-thumbnail","6":"product_cat-carrelage","7":"product_cat-cuisines","8":"product_cat-faiences","9":"product_cat-carrelage-salle-de-bain","11":"first","12":"instock","13":"shipping-taxable","14":"purchasable","15":"product-type-simple"},"_links":{"self":[{"href":"https:\/\/tilefly.com\/fr\/wp-json\/wp\/v2\/product\/545475","targetHints":{"allow":["GET"]}}],"collection":[{"href":"https:\/\/tilefly.com\/fr\/wp-json\/wp\/v2\/product"}],"about":[{"href":"https:\/\/tilefly.com\/fr\/wp-json\/wp\/v2\/types\/product"}],"replies":[{"embeddable":true,"href":"https:\/\/tilefly.com\/fr\/wp-json\/wp\/v2\/comments?post=545475"}],"wp:featuredmedia":[{"embeddable":true,"href":"https:\/\/tilefly.com\/fr\/wp-json\/wp\/v2\/media\/544245"}],"wp:attachment":[{"href":"https:\/\/tilefly.com\/fr\/wp-json\/wp\/v2\/media?parent=545475"}],"wp:term":[{"taxonomy":"product_brand","embeddable":true,"href":"https:\/\/tilefly.com\/fr\/wp-json\/wp\/v2\/product_brand?post=545475"},{"taxonomy":"product_cat","embeddable":true,"href":"https:\/\/tilefly.com\/fr\/wp-json\/wp\/v2\/product_cat?post=545475"},{"taxonomy":"product_tag","embeddable":true,"href":"https:\/\/tilefly.com\/fr\/wp-json\/wp\/v2\/product_tag?post=545475"}],"curies":[{"name":"wp","href":"https:\/\/api.w.org\/{rel}","templated":true}]}}