{"id":545473,"date":"2024-11-14T20:03:58","date_gmt":"2024-11-14T19:03:58","guid":{"rendered":"https:\/\/tilefly.com\/producto\/raw-cement-smooth-rect-60x120\/"},"modified":"2024-11-14T20:28:46","modified_gmt":"2024-11-14T19:28:46","slug":"raw-cement-smooth-rect-60x120","status":"publish","type":"product","link":"https:\/\/tilefly.com\/fr\/produit\/raw-cement-smooth-rect-60x120\/","title":{"rendered":"RAW CEMENT SMOOTH RECT 60X120"},"content":{"rendered":"<h2><strong>CIMENT BRUT LISSE RECT 60X120<\/strong><\/h2><p><em>Raw Cement Smooth Rect 60X120<\/em> en gris est un carreau de sol en gr\u00e8s c\u00e9rame mat qui imite le ciment avec un grand r\u00e9alisme. Cette pi\u00e8ce apporte solidit\u00e9 et \u00e9l\u00e9gance \u00e0 tout espace, \u00e9voquant la nature et l&#8217;essence des mat\u00e9riaux \u00e0 l&#8217;\u00e9tat pur. <\/p><p>Parfaite pour les int\u00e9rieurs contemporains et minimalistes, cette pi\u00e8ce fait partie de la <a href=\"https:\/\/tilefly.com\/producto\/raw\/\">s\u00e9rie Raw<\/a>, qui transforme tout environnement en un espace authentique et moderne.<\/p>","protected":false},"excerpt":{"rendered":"<p>CIMENT BRUT LISSE RECT 60X120Raw Cement Smooth Rect 60X120 en gris est un carreau de sol en gr\u00e8s c\u00e9rame mat qui imite le ciment avec un grand r\u00e9alisme. Cette pi\u00e8ce apporte solidit\u00e9 et \u00e9l\u00e9gance \u00e0 tout espace, \u00e9voquant la nature et l&#8217;essence des mat\u00e9riaux \u00e0 l&#8217;\u00e9tat pur. Parfaite pour les int\u00e9rieurs contemporains et minimalistes, cette [&hellip;]<\/p>\n","protected":false},"featured_media":544219,"comment_status":"open","ping_status":"closed","template":"","meta":[],"product_brand":[],"product_cat":[353,355,356,354],"product_tag":[],"class_list":{"0":"post-545473","1":"product","2":"type-product","3":"status-publish","4":"has-post-thumbnail","6":"product_cat-carrelage","7":"product_cat-cuisines","8":"product_cat-faiences","9":"product_cat-carrelage-salle-de-bain","11":"first","12":"outofstock","13":"shipping-taxable","14":"purchasable","15":"product-type-simple"},"_links":{"self":[{"href":"https:\/\/tilefly.com\/fr\/wp-json\/wp\/v2\/product\/545473","targetHints":{"allow":["GET"]}}],"collection":[{"href":"https:\/\/tilefly.com\/fr\/wp-json\/wp\/v2\/product"}],"about":[{"href":"https:\/\/tilefly.com\/fr\/wp-json\/wp\/v2\/types\/product"}],"replies":[{"embeddable":true,"href":"https:\/\/tilefly.com\/fr\/wp-json\/wp\/v2\/comments?post=545473"}],"wp:featuredmedia":[{"embeddable":true,"href":"https:\/\/tilefly.com\/fr\/wp-json\/wp\/v2\/media\/544219"}],"wp:attachment":[{"href":"https:\/\/tilefly.com\/fr\/wp-json\/wp\/v2\/media?parent=545473"}],"wp:term":[{"taxonomy":"product_brand","embeddable":true,"href":"https:\/\/tilefly.com\/fr\/wp-json\/wp\/v2\/product_brand?post=545473"},{"taxonomy":"product_cat","embeddable":true,"href":"https:\/\/tilefly.com\/fr\/wp-json\/wp\/v2\/product_cat?post=545473"},{"taxonomy":"product_tag","embeddable":true,"href":"https:\/\/tilefly.com\/fr\/wp-json\/wp\/v2\/product_tag?post=545473"}],"curies":[{"name":"wp","href":"https:\/\/api.w.org\/{rel}","templated":true}]}}