{"id":545467,"date":"2024-11-14T20:03:56","date_gmt":"2024-11-14T19:03:56","guid":{"rendered":"https:\/\/tilefly.com\/producto\/anti-slip-raw-cotton-rect-60x120\/"},"modified":"2024-11-14T20:28:42","modified_gmt":"2024-11-14T19:28:42","slug":"anti-slip-raw-cotton-rect-60x120","status":"publish","type":"product","link":"https:\/\/tilefly.com\/fr\/produit\/anti-slip-raw-cotton-rect-60x120\/","title":{"rendered":"ANTI-SLIP RAW COTTON RECT 60X120"},"content":{"rendered":"<h2><strong>ANTI-D\u00c9RAPANT COTON BRUT RECT 60X120<\/strong><\/h2><p>Avec le <em>carrelage antid\u00e9rapant Raw Cotton Rect 60X120<\/em>, ajoutez de la s\u00e9curit\u00e9 et du style \u00e0 vos espaces. Ce carrelage de sol en gr\u00e8s c\u00e9rame gris pr\u00e9sente une finition mate et des propri\u00e9t\u00e9s antid\u00e9rapantes, id\u00e9ales pour les zones \u00e0 fort trafic ou en ext\u00e9rieur. Sa texture imitation ciment apporte une touche moderne et sophistiqu\u00e9e.  <\/p><p>Cette pi\u00e8ce s&#8217;inscrit dans la philosophie de la <a href=\"https:\/\/tilefly.com\/producto\/raw\/\">s\u00e9rie Raw<\/a>, o\u00f9 le naturel s&#8217;int\u00e8gre parfaitement \u00e0 la d\u00e9coration d&#8217;int\u00e9rieur. Un choix pratique et esth\u00e9tique qui se distingue par sa durabilit\u00e9 et son style. <\/p>","protected":false},"excerpt":{"rendered":"<p>ANTI-D\u00c9RAPANT COTON BRUT RECT 60X120Avec le carrelage antid\u00e9rapant Raw Cotton Rect 60X120, ajoutez de la s\u00e9curit\u00e9 et du style \u00e0 vos espaces. Ce carrelage de sol en gr\u00e8s c\u00e9rame gris pr\u00e9sente une finition mate et des propri\u00e9t\u00e9s antid\u00e9rapantes, id\u00e9ales pour les zones \u00e0 fort trafic ou en ext\u00e9rieur. Sa texture imitation ciment apporte une touche [&hellip;]<\/p>\n","protected":false},"featured_media":544206,"comment_status":"open","ping_status":"closed","template":"","meta":[],"product_brand":[],"product_cat":[353,355,356,354],"product_tag":[],"class_list":{"0":"post-545467","1":"product","2":"type-product","3":"status-publish","4":"has-post-thumbnail","6":"product_cat-carrelage","7":"product_cat-cuisines","8":"product_cat-faiences","9":"product_cat-carrelage-salle-de-bain","11":"first","12":"instock","13":"shipping-taxable","14":"purchasable","15":"product-type-simple"},"_links":{"self":[{"href":"https:\/\/tilefly.com\/fr\/wp-json\/wp\/v2\/product\/545467","targetHints":{"allow":["GET"]}}],"collection":[{"href":"https:\/\/tilefly.com\/fr\/wp-json\/wp\/v2\/product"}],"about":[{"href":"https:\/\/tilefly.com\/fr\/wp-json\/wp\/v2\/types\/product"}],"replies":[{"embeddable":true,"href":"https:\/\/tilefly.com\/fr\/wp-json\/wp\/v2\/comments?post=545467"}],"wp:featuredmedia":[{"embeddable":true,"href":"https:\/\/tilefly.com\/fr\/wp-json\/wp\/v2\/media\/544206"}],"wp:attachment":[{"href":"https:\/\/tilefly.com\/fr\/wp-json\/wp\/v2\/media?parent=545467"}],"wp:term":[{"taxonomy":"product_brand","embeddable":true,"href":"https:\/\/tilefly.com\/fr\/wp-json\/wp\/v2\/product_brand?post=545467"},{"taxonomy":"product_cat","embeddable":true,"href":"https:\/\/tilefly.com\/fr\/wp-json\/wp\/v2\/product_cat?post=545467"},{"taxonomy":"product_tag","embeddable":true,"href":"https:\/\/tilefly.com\/fr\/wp-json\/wp\/v2\/product_tag?post=545467"}],"curies":[{"name":"wp","href":"https:\/\/api.w.org\/{rel}","templated":true}]}}