{"id":545444,"date":"2024-11-14T20:01:20","date_gmt":"2024-11-14T19:01:20","guid":{"rendered":"https:\/\/tilefly.com\/producto\/rambla-taupe-20x60\/"},"modified":"2024-11-14T20:28:14","modified_gmt":"2024-11-14T19:28:14","slug":"rambla-taupe-20x60","status":"publish","type":"product","link":"https:\/\/tilefly.com\/fr\/produit\/rambla-taupe-20x60\/","title":{"rendered":"RAMBLA TAUPE 20X60"},"content":{"rendered":"<h2><strong>RAMBLA TAUPE 20X60<\/strong><\/h2><p>La chaleur de <em>Rambla Taupe 20X60<\/em> transforme tout espace en un havre de confort et de style. Ce carrelage mural aux tons bruns capture l&#8217;essence des rues de Barcelone, avec une finition mate qui conf\u00e8re une touche douce et \u00e9l\u00e9gante aux murs. Son style imitation ciment en p\u00e2te rouge est parfait pour ajouter une touche naturelle et chaleureuse.  <\/p><p>Id\u00e9al pour les espaces \u00e0 la recherche d&#8217;un design authentique, <em>Rambla Taupe<\/em> allie l&#8217;harmonie de l&#8217;urbain \u00e0 l&#8217;esth\u00e9tique du b\u00e9ton. Donnez vie \u00e0 votre espace avec cette pi\u00e8ce et explorez la <a href=\"https:\/\/tilefly.com\/producto\/rambla\/\">collection Rambla<\/a> pour d&#8217;autres options inspirantes. <\/p>","protected":false},"excerpt":{"rendered":"<p>RAMBLA TAUPE 20X60La chaleur de Rambla Taupe 20X60 transforme tout espace en un havre de confort et de style. Ce carrelage mural aux tons bruns capture l&#8217;essence des rues de Barcelone, avec une finition mate qui conf\u00e8re une touche douce et \u00e9l\u00e9gante aux murs. Son style imitation ciment en p\u00e2te rouge est parfait pour ajouter [&hellip;]<\/p>\n","protected":false},"featured_media":544114,"comment_status":"open","ping_status":"closed","template":"","meta":[],"product_brand":[],"product_cat":[355,356,354],"product_tag":[],"class_list":{"0":"post-545444","1":"product","2":"type-product","3":"status-publish","4":"has-post-thumbnail","6":"product_cat-cuisines","7":"product_cat-faiences","8":"product_cat-carrelage-salle-de-bain","10":"first","11":"instock","12":"shipping-taxable","13":"purchasable","14":"product-type-simple"},"_links":{"self":[{"href":"https:\/\/tilefly.com\/fr\/wp-json\/wp\/v2\/product\/545444","targetHints":{"allow":["GET"]}}],"collection":[{"href":"https:\/\/tilefly.com\/fr\/wp-json\/wp\/v2\/product"}],"about":[{"href":"https:\/\/tilefly.com\/fr\/wp-json\/wp\/v2\/types\/product"}],"replies":[{"embeddable":true,"href":"https:\/\/tilefly.com\/fr\/wp-json\/wp\/v2\/comments?post=545444"}],"wp:featuredmedia":[{"embeddable":true,"href":"https:\/\/tilefly.com\/fr\/wp-json\/wp\/v2\/media\/544114"}],"wp:attachment":[{"href":"https:\/\/tilefly.com\/fr\/wp-json\/wp\/v2\/media?parent=545444"}],"wp:term":[{"taxonomy":"product_brand","embeddable":true,"href":"https:\/\/tilefly.com\/fr\/wp-json\/wp\/v2\/product_brand?post=545444"},{"taxonomy":"product_cat","embeddable":true,"href":"https:\/\/tilefly.com\/fr\/wp-json\/wp\/v2\/product_cat?post=545444"},{"taxonomy":"product_tag","embeddable":true,"href":"https:\/\/tilefly.com\/fr\/wp-json\/wp\/v2\/product_tag?post=545444"}],"curies":[{"name":"wp","href":"https:\/\/api.w.org\/{rel}","templated":true}]}}