{"id":545419,"date":"2024-11-14T20:05:48","date_gmt":"2024-11-14T19:05:48","guid":{"rendered":"https:\/\/tilefly.com\/producto\/tarima-black-rect-30x90\/"},"modified":"2024-11-14T20:27:21","modified_gmt":"2024-11-14T19:27:21","slug":"tarima-black-rect-30x90","status":"publish","type":"product","link":"https:\/\/tilefly.com\/fr\/produit\/tarima-black-rect-30x90\/","title":{"rendered":"TARIMA BLACK RECT 30X90"},"content":{"rendered":"<h2><strong>SOL RECT NOIR 30X90<\/strong><\/h2><p>Le Black <em>Rect 30X90<\/em> est un rev\u00eatement de <em>sol<\/em> en p\u00e2te blanche qui allie l&#8217;aspect du ciment \u00e0 un style audacieux et moderne. Avec une finition mate, cette pi\u00e8ce est id\u00e9ale pour ceux qui cherchent \u00e0 ajouter une touche d&#8217;\u00e9l\u00e9gance et de profondeur \u00e0 leurs espaces. <\/p><p>D\u00e9couvrez la <a href=\"https:\/\/tilefly.com\/producto\/raw\/\">s\u00e9rie Raw<\/a> et transformez votre int\u00e9rieur avec un design qui c\u00e9l\u00e8bre l&#8217;essence des mat\u00e9riaux essentiels.<\/p>","protected":false},"excerpt":{"rendered":"<p>SOL RECT NOIR 30X90Le Black Rect 30X90 est un rev\u00eatement de sol en p\u00e2te blanche qui allie l&#8217;aspect du ciment \u00e0 un style audacieux et moderne. Avec une finition mate, cette pi\u00e8ce est id\u00e9ale pour ceux qui cherchent \u00e0 ajouter une touche d&#8217;\u00e9l\u00e9gance et de profondeur \u00e0 leurs espaces. D\u00e9couvrez la s\u00e9rie Raw et transformez [&hellip;]<\/p>\n","protected":false},"featured_media":544558,"comment_status":"open","ping_status":"closed","template":"","meta":[],"product_brand":[],"product_cat":[355,356,354],"product_tag":[],"class_list":{"0":"post-545419","1":"product","2":"type-product","3":"status-publish","4":"has-post-thumbnail","6":"product_cat-cuisines","7":"product_cat-faiences","8":"product_cat-carrelage-salle-de-bain","10":"first","11":"instock","12":"shipping-taxable","13":"purchasable","14":"product-type-simple"},"_links":{"self":[{"href":"https:\/\/tilefly.com\/fr\/wp-json\/wp\/v2\/product\/545419","targetHints":{"allow":["GET"]}}],"collection":[{"href":"https:\/\/tilefly.com\/fr\/wp-json\/wp\/v2\/product"}],"about":[{"href":"https:\/\/tilefly.com\/fr\/wp-json\/wp\/v2\/types\/product"}],"replies":[{"embeddable":true,"href":"https:\/\/tilefly.com\/fr\/wp-json\/wp\/v2\/comments?post=545419"}],"wp:featuredmedia":[{"embeddable":true,"href":"https:\/\/tilefly.com\/fr\/wp-json\/wp\/v2\/media\/544558"}],"wp:attachment":[{"href":"https:\/\/tilefly.com\/fr\/wp-json\/wp\/v2\/media?parent=545419"}],"wp:term":[{"taxonomy":"product_brand","embeddable":true,"href":"https:\/\/tilefly.com\/fr\/wp-json\/wp\/v2\/product_brand?post=545419"},{"taxonomy":"product_cat","embeddable":true,"href":"https:\/\/tilefly.com\/fr\/wp-json\/wp\/v2\/product_cat?post=545419"},{"taxonomy":"product_tag","embeddable":true,"href":"https:\/\/tilefly.com\/fr\/wp-json\/wp\/v2\/product_tag?post=545419"}],"curies":[{"name":"wp","href":"https:\/\/api.w.org\/{rel}","templated":true}]}}