{"id":545414,"date":"2024-11-14T20:06:13","date_gmt":"2024-11-14T19:27:18","guid":{"rendered":"https:\/\/tilefly.com\/producto\/rambla\/"},"modified":"2025-02-19T01:52:11","modified_gmt":"2025-02-19T00:52:11","slug":"rambla","status":"publish","type":"product","link":"https:\/\/tilefly.com\/fr\/produit\/rambla\/","title":{"rendered":"Rambla"},"content":{"rendered":"<h2>S\u00e9rie Rambla<br \/><\/h2><p>Rambla rend hommage \u00e0 la magnificence de la ville captivante de Barcelone, avec son architecture inspirante et sa tradition artistique in\u00e9gal\u00e9e. Inspir\u00e9e par les rues asphalt\u00e9es qui d\u00e9finissent la ville, Rambla capture l&#8217;essence de Barcelone \u00e0 travers des dessins qui \u00e9voquent les formes sinueuses et les couleurs pr\u00e9sentes dans le parc G\u00fcell ou la Casa Batll\u00f3. Rambla est plus qu&#8217;une simple c\u00e9ramique, c&#8217;est l&#8217;expression de l&#8217;harmonie entre l&#8217;art et la vie urbaine, apportant de la chaleur aux espaces.<\/p>","protected":false},"excerpt":{"rendered":"<p>S\u00e9rie RamblaRambla rend hommage \u00e0 la magnificence de la ville captivante de Barcelone, avec son architecture inspirante et sa tradition artistique in\u00e9gal\u00e9e. Inspir\u00e9e par les rues asphalt\u00e9es qui d\u00e9finissent la ville, Rambla capture l&#8217;essence de Barcelone \u00e0 travers des dessins qui \u00e9voquent les formes sinueuses et les couleurs pr\u00e9sentes dans le parc G\u00fcell ou la [&hellip;]<\/p>\n","protected":false},"featured_media":544394,"comment_status":"closed","ping_status":"closed","template":"","meta":[],"product_brand":[],"product_cat":[353,355,356,354,357],"product_tag":[],"class_list":{"0":"post-545414","1":"product","2":"type-product","3":"status-publish","4":"has-post-thumbnail","6":"product_cat-carrelage","7":"product_cat-cuisines","8":"product_cat-faiences","9":"product_cat-carrelage-salle-de-bain","10":"product_cat-carrelage-salon","12":"first","13":"instock","14":"shipping-taxable","15":"product-type-grouped"},"_links":{"self":[{"href":"https:\/\/tilefly.com\/fr\/wp-json\/wp\/v2\/product\/545414","targetHints":{"allow":["GET"]}}],"collection":[{"href":"https:\/\/tilefly.com\/fr\/wp-json\/wp\/v2\/product"}],"about":[{"href":"https:\/\/tilefly.com\/fr\/wp-json\/wp\/v2\/types\/product"}],"replies":[{"embeddable":true,"href":"https:\/\/tilefly.com\/fr\/wp-json\/wp\/v2\/comments?post=545414"}],"wp:featuredmedia":[{"embeddable":true,"href":"https:\/\/tilefly.com\/fr\/wp-json\/wp\/v2\/media\/544394"}],"wp:attachment":[{"href":"https:\/\/tilefly.com\/fr\/wp-json\/wp\/v2\/media?parent=545414"}],"wp:term":[{"taxonomy":"product_brand","embeddable":true,"href":"https:\/\/tilefly.com\/fr\/wp-json\/wp\/v2\/product_brand?post=545414"},{"taxonomy":"product_cat","embeddable":true,"href":"https:\/\/tilefly.com\/fr\/wp-json\/wp\/v2\/product_cat?post=545414"},{"taxonomy":"product_tag","embeddable":true,"href":"https:\/\/tilefly.com\/fr\/wp-json\/wp\/v2\/product_tag?post=545414"}],"curies":[{"name":"wp","href":"https:\/\/api.w.org\/{rel}","templated":true}]}}