{"id":545400,"date":"2024-11-14T20:19:22","date_gmt":"2024-11-14T19:19:22","guid":{"rendered":"https:\/\/tilefly.com\/producto\/reef-aquamarine-rect-120x120\/"},"modified":"2024-11-14T20:26:31","modified_gmt":"2024-11-14T19:26:31","slug":"reef-aquamarine-rect-120x120","status":"publish","type":"product","link":"https:\/\/tilefly.com\/fr\/produit\/reef-aquamarine-rect-120x120\/","title":{"rendered":"REEF AQUAMARINE RECT 120X120"},"content":{"rendered":"<h2><strong>REEF AQUAMARINE RECT 120X120<\/strong><\/h2><p>Le <em>Reef Aquamarine Rect 120X120<\/em> est un carrelage de sol en gr\u00e8s c\u00e9rame au ton aqua qui apporte une touche de fra\u00eecheur et de modernit\u00e9. Avec sa finition mate antid\u00e9rapante et son effet m\u00e9tal, ce design est id\u00e9al pour les zones \u00e0 fort trafic ou les espaces o\u00f9 la s\u00e9curit\u00e9 est recherch\u00e9e sans sacrifier le style. <\/p><p>Faisant partie de la <a href=\"https:\/\/tilefly.com\/producto\/reef\/\">s\u00e9rie Reef<\/a>, cette pi\u00e8ce capture l&#8217;essence des paysages oc\u00e9aniques et apporte de la vitalit\u00e9 aux int\u00e9rieurs.<\/p>","protected":false},"excerpt":{"rendered":"<p>REEF AQUAMARINE RECT 120X120Le Reef Aquamarine Rect 120X120 est un carrelage de sol en gr\u00e8s c\u00e9rame au ton aqua qui apporte une touche de fra\u00eecheur et de modernit\u00e9. Avec sa finition mate antid\u00e9rapante et son effet m\u00e9tal, ce design est id\u00e9al pour les zones \u00e0 fort trafic ou les espaces o\u00f9 la s\u00e9curit\u00e9 est recherch\u00e9e [&hellip;]<\/p>\n","protected":false},"featured_media":545313,"comment_status":"open","ping_status":"closed","template":"","meta":[],"product_brand":[],"product_cat":[353,355,356,354],"product_tag":[],"class_list":{"0":"post-545400","1":"product","2":"type-product","3":"status-publish","4":"has-post-thumbnail","6":"product_cat-carrelage","7":"product_cat-cuisines","8":"product_cat-faiences","9":"product_cat-carrelage-salle-de-bain","11":"first","12":"instock","13":"shipping-taxable","14":"purchasable","15":"product-type-simple"},"_links":{"self":[{"href":"https:\/\/tilefly.com\/fr\/wp-json\/wp\/v2\/product\/545400","targetHints":{"allow":["GET"]}}],"collection":[{"href":"https:\/\/tilefly.com\/fr\/wp-json\/wp\/v2\/product"}],"about":[{"href":"https:\/\/tilefly.com\/fr\/wp-json\/wp\/v2\/types\/product"}],"replies":[{"embeddable":true,"href":"https:\/\/tilefly.com\/fr\/wp-json\/wp\/v2\/comments?post=545400"}],"wp:featuredmedia":[{"embeddable":true,"href":"https:\/\/tilefly.com\/fr\/wp-json\/wp\/v2\/media\/545313"}],"wp:attachment":[{"href":"https:\/\/tilefly.com\/fr\/wp-json\/wp\/v2\/media?parent=545400"}],"wp:term":[{"taxonomy":"product_brand","embeddable":true,"href":"https:\/\/tilefly.com\/fr\/wp-json\/wp\/v2\/product_brand?post=545400"},{"taxonomy":"product_cat","embeddable":true,"href":"https:\/\/tilefly.com\/fr\/wp-json\/wp\/v2\/product_cat?post=545400"},{"taxonomy":"product_tag","embeddable":true,"href":"https:\/\/tilefly.com\/fr\/wp-json\/wp\/v2\/product_tag?post=545400"}],"curies":[{"name":"wp","href":"https:\/\/api.w.org\/{rel}","templated":true}]}}