{"id":545397,"date":"2024-11-14T20:18:48","date_gmt":"2024-11-14T19:18:48","guid":{"rendered":"https:\/\/tilefly.com\/producto\/reef-white-rect-60x60\/"},"modified":"2024-11-14T20:26:24","modified_gmt":"2024-11-14T19:26:24","slug":"reef-white-rect-60x60","status":"publish","type":"product","link":"https:\/\/tilefly.com\/fr\/produit\/reef-white-rect-60x60\/","title":{"rendered":"REEF WHITE RECT 60X60"},"content":{"rendered":"<h2><strong>REEF WHITE RECT 60X60<\/strong><\/h2><p><em>Reef White Rect 60X60<\/em> est un gr\u00e8s c\u00e9rame blanc pour le sol avec une finition mate et des propri\u00e9t\u00e9s antid\u00e9rapantes. Id\u00e9ale pour les zones \u00e0 fort trafic, cette pi\u00e8ce allie fonctionnalit\u00e9 et style, apportant lumi\u00e8re et s\u00e9curit\u00e9 \u00e0 n&#8217;importe quel espace. <\/p><p>Faisant partie de la <a href=\"https:\/\/tilefly.com\/producto\/reef\/\">s\u00e9rie Reef<\/a>, ce design rappelle la puret\u00e9 de l&#8217;oc\u00e9an et est parfait pour cr\u00e9er des environnements frais et modernes.<\/p>","protected":false},"excerpt":{"rendered":"<p>REEF WHITE RECT 60X60Reef White Rect 60X60 est un gr\u00e8s c\u00e9rame blanc pour le sol avec une finition mate et des propri\u00e9t\u00e9s antid\u00e9rapantes. Id\u00e9ale pour les zones \u00e0 fort trafic, cette pi\u00e8ce allie fonctionnalit\u00e9 et style, apportant lumi\u00e8re et s\u00e9curit\u00e9 \u00e0 n&#8217;importe quel espace. Faisant partie de la s\u00e9rie Reef, ce design rappelle la puret\u00e9 [&hellip;]<\/p>\n","protected":false},"featured_media":545222,"comment_status":"open","ping_status":"closed","template":"","meta":[],"product_brand":[],"product_cat":[353,355,356,354],"product_tag":[],"class_list":{"0":"post-545397","1":"product","2":"type-product","3":"status-publish","4":"has-post-thumbnail","6":"product_cat-carrelage","7":"product_cat-cuisines","8":"product_cat-faiences","9":"product_cat-carrelage-salle-de-bain","11":"first","12":"instock","13":"shipping-taxable","14":"purchasable","15":"product-type-simple"},"_links":{"self":[{"href":"https:\/\/tilefly.com\/fr\/wp-json\/wp\/v2\/product\/545397","targetHints":{"allow":["GET"]}}],"collection":[{"href":"https:\/\/tilefly.com\/fr\/wp-json\/wp\/v2\/product"}],"about":[{"href":"https:\/\/tilefly.com\/fr\/wp-json\/wp\/v2\/types\/product"}],"replies":[{"embeddable":true,"href":"https:\/\/tilefly.com\/fr\/wp-json\/wp\/v2\/comments?post=545397"}],"wp:featuredmedia":[{"embeddable":true,"href":"https:\/\/tilefly.com\/fr\/wp-json\/wp\/v2\/media\/545222"}],"wp:attachment":[{"href":"https:\/\/tilefly.com\/fr\/wp-json\/wp\/v2\/media?parent=545397"}],"wp:term":[{"taxonomy":"product_brand","embeddable":true,"href":"https:\/\/tilefly.com\/fr\/wp-json\/wp\/v2\/product_brand?post=545397"},{"taxonomy":"product_cat","embeddable":true,"href":"https:\/\/tilefly.com\/fr\/wp-json\/wp\/v2\/product_cat?post=545397"},{"taxonomy":"product_tag","embeddable":true,"href":"https:\/\/tilefly.com\/fr\/wp-json\/wp\/v2\/product_tag?post=545397"}],"curies":[{"name":"wp","href":"https:\/\/api.w.org\/{rel}","templated":true}]}}