{"id":543987,"date":"2021-06-22T14:03:29","date_gmt":"2021-06-22T12:03:29","guid":{"rendered":"https:\/\/tilefly.com\/producto\/tennessee-blue-138x138\/"},"modified":"2024-11-14T18:39:26","modified_gmt":"2024-11-14T17:39:26","slug":"tennessee-blue-138x138","status":"publish","type":"product","link":"https:\/\/tilefly.com\/fr\/produit\/tennessee-blue-138x138\/","title":{"rendered":"TENNESSEE BLUE 13,8X13,8"},"content":{"rendered":"<p>Tennessee est le point de rencontre entre la c\u00e9ramique artisanale et les derni\u00e8res technologies de fabrication de la c\u00e9ramique. L&#8217;id\u00e9e de cette collection est de conserver la d\u00e9licatesse de l&#8217;artisanat dans une pi\u00e8ce unique gr\u00e2ce \u00e0 son format innovant (5,2&#215;16,1 et 13,8&#215;13,8) et \u00e0 sa large gamme de couleurs. <\/p>","protected":false},"excerpt":{"rendered":"<p>Tennessee est le point de rencontre entre la c\u00e9ramique artisanale et les derni\u00e8res technologies de fabrication de la c\u00e9ramique. L&#8217;id\u00e9e de cette collection est de conserver la d\u00e9licatesse de l&#8217;artisanat dans une pi\u00e8ce unique gr\u00e2ce \u00e0 son format innovant (5,2&#215;16,1 et 13,8&#215;13,8) et \u00e0 sa large gamme de couleurs.<\/p>\n","protected":false},"featured_media":456950,"comment_status":"open","ping_status":"closed","template":"","meta":[],"product_brand":[],"product_cat":[355,356,354],"product_tag":[],"class_list":{"0":"post-543987","1":"product","2":"type-product","3":"status-publish","4":"has-post-thumbnail","6":"product_cat-cuisines","7":"product_cat-faiences","8":"product_cat-carrelage-salle-de-bain","10":"first","11":"instock","12":"shipping-taxable","13":"purchasable","14":"product-type-simple"},"_links":{"self":[{"href":"https:\/\/tilefly.com\/fr\/wp-json\/wp\/v2\/product\/543987","targetHints":{"allow":["GET"]}}],"collection":[{"href":"https:\/\/tilefly.com\/fr\/wp-json\/wp\/v2\/product"}],"about":[{"href":"https:\/\/tilefly.com\/fr\/wp-json\/wp\/v2\/types\/product"}],"replies":[{"embeddable":true,"href":"https:\/\/tilefly.com\/fr\/wp-json\/wp\/v2\/comments?post=543987"}],"wp:featuredmedia":[{"embeddable":true,"href":"https:\/\/tilefly.com\/fr\/wp-json\/wp\/v2\/media\/456950"}],"wp:attachment":[{"href":"https:\/\/tilefly.com\/fr\/wp-json\/wp\/v2\/media?parent=543987"}],"wp:term":[{"taxonomy":"product_brand","embeddable":true,"href":"https:\/\/tilefly.com\/fr\/wp-json\/wp\/v2\/product_brand?post=543987"},{"taxonomy":"product_cat","embeddable":true,"href":"https:\/\/tilefly.com\/fr\/wp-json\/wp\/v2\/product_cat?post=543987"},{"taxonomy":"product_tag","embeddable":true,"href":"https:\/\/tilefly.com\/fr\/wp-json\/wp\/v2\/product_tag?post=543987"}],"curies":[{"name":"wp","href":"https:\/\/api.w.org\/{rel}","templated":true}]}}